{"id":83,"date":"2025-10-14T13:26:48","date_gmt":"2025-10-14T13:26:48","guid":{"rendered":"https:\/\/europa-peptide.com\/?page_id=83"},"modified":"2025-10-19T22:34:02","modified_gmt":"2025-10-19T20:34:02","slug":"om-os","status":"publish","type":"page","link":"https:\/\/europa-peptide.com\/da\/about-us\/","title":{"rendered":"Om os"},"content":{"rendered":"<div data-elementor-type=\"wp-page\" data-elementor-id=\"83\" class=\"elementor elementor-83\" data-elementor-post-type=\"page\">\n\t\t\t\t\t\t<section data-particle_enable=\"false\" data-particle-mobile-disabled=\"false\" class=\"elementor-section elementor-top-section elementor-element elementor-element-2a4fd57 elementor-section-full_width elementor-section-height-default elementor-section-height-default wpr-particle-no wpr-jarallax-no wpr-parallax-no wpr-sticky-section-no\" data-id=\"2a4fd57\" data-element_type=\"section\" data-e-type=\"section\" data-settings=\"{&quot;background_background&quot;:&quot;classic&quot;,&quot;shape_divider_bottom&quot;:&quot;triangle&quot;,&quot;shape_divider_bottom_negative&quot;:&quot;yes&quot;}\">\n\t\t\t\t\t\t\t<div class=\"elementor-background-overlay\"><\/div>\n\t\t\t\t\t\t<div class=\"elementor-shape elementor-shape-bottom\" aria-hidden=\"true\" data-negative=\"true\">\n\t\t\t<svg xmlns=\"http:\/\/www.w3.org\/2000\/svg\" viewbox=\"0 0 1000 100\" preserveaspectratio=\"none\">\n\t<path class=\"elementor-shape-fill\" d=\"M500.2,94.7L0,0v100h1000V0L500.2,94.7z\"\/>\n<\/svg>\t\t<\/div>\n\t\t\t\t\t<div class=\"elementor-container elementor-column-gap-default\">\n\t\t\t\t\t<div class=\"elementor-column elementor-col-100 elementor-top-column elementor-element elementor-element-e87898c animated-fast elementor-invisible\" data-id=\"e87898c\" data-element_type=\"column\" data-e-type=\"column\" data-settings=\"{&quot;animation&quot;:&quot;fadeInUp&quot;}\">\n\t\t\t<div class=\"elementor-widget-wrap elementor-element-populated\">\n\t\t\t\t\t\t<div class=\"elementor-element elementor-element-5a6d00a elementor-widget elementor-widget-heading\" data-id=\"5a6d00a\" data-element_type=\"widget\" data-e-type=\"widget\" data-widget_type=\"heading.default\">\n\t\t\t\t\t<h2 class=\"elementor-heading-title elementor-size-default\">OM OS<\/h2>\t\t\t\t<\/div>\n\t\t\t\t<div class=\"elementor-element elementor-element-a3f00b4 elementor-widget elementor-widget-hfe-breadcrumbs-widget\" data-id=\"a3f00b4\" data-element_type=\"widget\" data-e-type=\"widget\" data-widget_type=\"hfe-breadcrumbs-widget.default\">\n\t\t\t\t<div class=\"elementor-widget-container\">\n\t\t\t\t\t<nav aria-label=\"Br\u00f8dkrumme\"><ul class=\"hfe-breadcrumbs hfe-breadcrumbs-show-home\"><li class=\"hfe-breadcrumbs-item hfe-breadcrumbs-first\"><span class=\"hfe-breadcrumbs-home-icon\"><\/span><a href=\"https:\/\/europa-peptide.com\/da\"><span class=\"hfe-breadcrumbs-text\">Hjem<\/span><\/a><\/li><\/ul><\/nav>\t\t\t\t<\/div>\n\t\t\t\t<\/div>\n\t\t\t\t\t<\/div>\n\t\t<\/div>\n\t\t\t\t\t<\/div>\n\t\t<\/section>\n\t\t\t\t<section data-particle_enable=\"false\" data-particle-mobile-disabled=\"false\" class=\"elementor-section elementor-top-section elementor-element elementor-element-8fcdb03 elementor-section-full_width elementor-section-height-default elementor-section-height-default wpr-particle-no wpr-jarallax-no wpr-parallax-no wpr-sticky-section-no\" data-id=\"8fcdb03\" data-element_type=\"section\" data-e-type=\"section\">\n\t\t\t\t\t\t<div class=\"elementor-container elementor-column-gap-default\">\n\t\t\t\t\t<div class=\"elementor-column elementor-col-50 elementor-top-column elementor-element elementor-element-7d83ee6 animated-fast elementor-invisible\" data-id=\"7d83ee6\" data-element_type=\"column\" data-e-type=\"column\" data-settings=\"{&quot;animation&quot;:&quot;fadeInLeft&quot;}\">\n\t\t\t<div class=\"elementor-widget-wrap elementor-element-populated\">\n\t\t\t\t\t\t<div class=\"elementor-element elementor-element-34a4186 elementor-widget elementor-widget-image\" data-id=\"34a4186\" data-element_type=\"widget\" data-e-type=\"widget\" data-widget_type=\"image.default\">\n\t\t\t\t\t\t\t\t\t\t\t\t\t\t\t<img fetchpriority=\"high\" decoding=\"async\" width=\"1024\" height=\"1024\" src=\"https:\/\/europa-peptide.com\/wp-content\/uploads\/2025\/10\/Unknown.png\" class=\"attachment-large size-large wp-image-541\" alt=\"\" srcset=\"https:\/\/europa-peptide.com\/wp-content\/uploads\/2025\/10\/Unknown.png 1024w, https:\/\/europa-peptide.com\/wp-content\/uploads\/2025\/10\/Unknown-300x300.png 300w, https:\/\/europa-peptide.com\/wp-content\/uploads\/2025\/10\/Unknown-150x150.png 150w, https:\/\/europa-peptide.com\/wp-content\/uploads\/2025\/10\/Unknown-768x768.png 768w, https:\/\/europa-peptide.com\/wp-content\/uploads\/2025\/10\/Unknown-12x12.png 12w, https:\/\/europa-peptide.com\/wp-content\/uploads\/2025\/10\/Unknown-600x600.png 600w, https:\/\/europa-peptide.com\/wp-content\/uploads\/2025\/10\/Unknown-100x100.png 100w\" sizes=\"(max-width: 1024px) 100vw, 1024px\" \/>\t\t\t\t\t\t\t\t\t\t\t\t\t\t\t<\/div>\n\t\t\t\t\t<\/div>\n\t\t<\/div>\n\t\t\t\t<div class=\"elementor-column elementor-col-50 elementor-top-column elementor-element elementor-element-c7d98d1 animated-fast elementor-invisible\" data-id=\"c7d98d1\" data-element_type=\"column\" data-e-type=\"column\" data-settings=\"{&quot;animation&quot;:&quot;fadeInRight&quot;}\">\n\t\t\t<div class=\"elementor-widget-wrap elementor-element-populated\">\n\t\t\t\t\t\t<div class=\"elementor-element elementor-element-e95f3d8 elementor-widget elementor-widget-heading\" data-id=\"e95f3d8\" data-element_type=\"widget\" data-e-type=\"widget\" data-widget_type=\"heading.default\">\n\t\t\t\t\t<h2 class=\"elementor-heading-title elementor-size-default\">OM OS<\/h2>\t\t\t\t<\/div>\n\t\t\t\t<div class=\"elementor-element elementor-element-d5da67a elementor-widget elementor-widget-heading\" data-id=\"d5da67a\" data-element_type=\"widget\" data-e-type=\"widget\" data-widget_type=\"heading.default\">\n\t\t\t\t\t<h2 class=\"elementor-heading-title elementor-size-default\">Velkommen til Europa-Peptide<\/h2>\t\t\t\t<\/div>\n\t\t\t\t<div class=\"elementor-element elementor-element-8bdcdbf elementor-widget elementor-widget-heading\" data-id=\"8bdcdbf\" data-element_type=\"widget\" data-e-type=\"widget\" data-widget_type=\"heading.default\">\n\t\t\t\t\t<h2 class=\"elementor-heading-title elementor-size-default\">din betroede partner for peptider af h\u00f8j kvalitet. Vores mission er at levere produkter, der kombinerer enest\u00e5ende renhed, pr\u00e6cision og p\u00e5lidelighed for at opfylde de h\u00f8jeste videnskabelige standarder.\nHos Europa-Peptide mener vi, at kvalitet begynder ved kilden. Derfor fremstilles alle vores peptider i certificerede og godkendte europ\u00e6iske laboratorier ved hj\u00e6lp af avanceret teknologi og strenge kvalitetskontrolprocedurer. Hvert parti gennemg\u00e5r omfattende test i uafh\u00e6ngige tredjepartslaboratorier for at verificere renhed, identitet og ensartethed - hvilket sikrer, at hvert produkt lever op til vores kompromisl\u00f8se standarder.\nMed hurtig, sikker forsendelse i hele Europa, gennemsigtig kommunikation og dedikeret kundesupport er vi forpligtet til at give en problemfri og p\u00e5lidelig oplevelse. Europa-Peptide st\u00e5r for integritet, pr\u00e6cision og europ\u00e6isk kvalitet, som du kan stole p\u00e5 - hver eneste gang.<\/h2>\t\t\t\t<\/div>\n\t\t\t\t\t<\/div>\n\t\t<\/div>\n\t\t\t\t\t<\/div>\n\t\t<\/section>\n\t\t\t\t<section data-particle_enable=\"false\" data-particle-mobile-disabled=\"false\" class=\"elementor-section elementor-top-section elementor-element elementor-element-7dd6950 elementor-section-boxed elementor-section-height-default elementor-section-height-default wpr-particle-no wpr-jarallax-no wpr-parallax-no wpr-sticky-section-no\" data-id=\"7dd6950\" data-element_type=\"section\" data-e-type=\"section\" data-settings=\"{&quot;background_background&quot;:&quot;classic&quot;,&quot;shape_divider_top&quot;:&quot;triangle&quot;,&quot;shape_divider_top_negative&quot;:&quot;yes&quot;,&quot;shape_divider_bottom&quot;:&quot;triangle&quot;,&quot;shape_divider_bottom_negative&quot;:&quot;yes&quot;}\">\n\t\t\t\t\t\t\t<div class=\"elementor-background-overlay\"><\/div>\n\t\t\t\t\t\t<div class=\"elementor-shape elementor-shape-top\" aria-hidden=\"true\" data-negative=\"true\">\n\t\t\t<svg xmlns=\"http:\/\/www.w3.org\/2000\/svg\" viewbox=\"0 0 1000 100\" preserveaspectratio=\"none\">\n\t<path class=\"elementor-shape-fill\" d=\"M500.2,94.7L0,0v100h1000V0L500.2,94.7z\"\/>\n<\/svg>\t\t<\/div>\n\t\t\t\t<div class=\"elementor-shape elementor-shape-bottom\" aria-hidden=\"true\" data-negative=\"true\">\n\t\t\t<svg xmlns=\"http:\/\/www.w3.org\/2000\/svg\" viewbox=\"0 0 1000 100\" preserveaspectratio=\"none\">\n\t<path class=\"elementor-shape-fill\" d=\"M500.2,94.7L0,0v100h1000V0L500.2,94.7z\"\/>\n<\/svg>\t\t<\/div>\n\t\t\t\t\t<div class=\"elementor-container elementor-column-gap-default\">\n\t\t\t\t\t<div class=\"elementor-column elementor-col-100 elementor-top-column elementor-element elementor-element-7ae0e20 animated-fast elementor-invisible\" data-id=\"7ae0e20\" data-element_type=\"column\" data-e-type=\"column\" data-settings=\"{&quot;animation&quot;:&quot;fadeInUp&quot;}\">\n\t\t\t<div class=\"elementor-widget-wrap elementor-element-populated\">\n\t\t\t\t\t\t<div class=\"elementor-element elementor-element-9848827 elementor-widget elementor-widget-heading\" data-id=\"9848827\" data-element_type=\"widget\" data-e-type=\"widget\" data-widget_type=\"heading.default\">\n\t\t\t\t\t<h2 class=\"elementor-heading-title elementor-size-default\">VORES MISSION<\/h2>\t\t\t\t<\/div>\n\t\t\t\t<div class=\"elementor-element elementor-element-d131017 elementor-widget elementor-widget-heading\" data-id=\"d131017\" data-element_type=\"widget\" data-e-type=\"widget\" data-widget_type=\"heading.default\">\n\t\t\t\t\t<h2 class=\"elementor-heading-title elementor-size-default\">Vores mission er at omdefinere kvalitet og tillid i peptidindustrien. Vi er dedikeret til at levere videnskabeligt verificerede, laboratorietestede forbindelser, der udelukkende er produceret i certificerede europ\u00e6iske faciliteter. Ved at kombinere innovation, pr\u00e6cision og gennemsigtighed sikrer vi, at hvert produkt opfylder de h\u00f8jeste standarder for renhed og konsistens.\nVores engagement g\u00e5r ud over kvaliteten - vi str\u00e6ber efter at levere p\u00e5lidelighed, integritet og ekspertise i alt, hvad vi g\u00f8r. Fra produktion til kundesupport er det vores m\u00e5l at skabe en problemfri oplevelse, der bygger p\u00e5 professionalisme og tillid. Europa-Peptide st\u00e5r for europ\u00e6isk pr\u00e6cision og uovertruffen kvalitet - fra vores laboratorier til dine h\u00e6nder.<\/h2>\t\t\t\t<\/div>\n\t\t\t\t\t<\/div>\n\t\t<\/div>\n\t\t\t\t\t<\/div>\n\t\t<\/section>\n\t\t\t\t<section data-particle_enable=\"false\" data-particle-mobile-disabled=\"false\" class=\"elementor-section elementor-top-section elementor-element elementor-element-3481080 elementor-section-full_width elementor-section-height-default elementor-section-height-default wpr-particle-no wpr-jarallax-no wpr-parallax-no wpr-sticky-section-no\" data-id=\"3481080\" data-element_type=\"section\" data-e-type=\"section\">\n\t\t\t\t\t\t<div class=\"elementor-container elementor-column-gap-default\">\n\t\t\t\t\t<div class=\"elementor-column elementor-col-50 elementor-top-column elementor-element elementor-element-85d6e03 animated-fast elementor-invisible\" data-id=\"85d6e03\" data-element_type=\"column\" data-e-type=\"column\" data-settings=\"{&quot;animation&quot;:&quot;fadeInLeft&quot;}\">\n\t\t\t<div class=\"elementor-widget-wrap elementor-element-populated\">\n\t\t\t\t\t\t<div class=\"elementor-element elementor-element-d60ed74 elementor-widget elementor-widget-heading\" data-id=\"d60ed74\" data-element_type=\"widget\" data-e-type=\"widget\" data-widget_type=\"heading.default\">\n\t\t\t\t\t<h2 class=\"elementor-heading-title elementor-size-default\">Forskel<\/h2>\t\t\t\t<\/div>\n\t\t\t\t<div class=\"elementor-element elementor-element-37c9f8c elementor-widget elementor-widget-heading\" data-id=\"37c9f8c\" data-element_type=\"widget\" data-e-type=\"widget\" data-widget_type=\"heading.default\">\n\t\t\t\t\t<h2 class=\"elementor-heading-title elementor-size-default\">Bekr\u00e6ftet renhed, dokumenteret tillid<\/h2>\t\t\t\t<\/div>\n\t\t\t\t<div class=\"elementor-element elementor-element-a443048 elementor-widget elementor-widget-heading\" data-id=\"a443048\" data-element_type=\"widget\" data-e-type=\"widget\" data-widget_type=\"heading.default\">\n\t\t\t\t\t<h2 class=\"elementor-heading-title elementor-size-default translation-block\">Hos Europa-Peptide er kvalitet mere end et l\u00f8fte - det er grundlaget for alt, hvad vi g\u00f8r. Hvert produkt fremstilles i henhold til certificerede europ\u00e6iske standarder og gennemg\u00e5r flere stadier af kvalitetskontrol for at garantere enest\u00e5ende renhed, n\u00f8jagtighed og konsistens.\r\nDet, der virkelig adskiller os fra andre, er vores fuldst\u00e6ndige gennemsigtighed, autentiske europ\u00e6iske produktion og forpligtelse til verificerbare resultater. <br> Mens mange er afh\u00e6ngige af upr\u00f8vede kilder eller outsourcede leverand\u00f8rer, har vi fuldt overblik - fra formulering til endelig emballering. Vores processer er designet til at sikre, at hvert eneste h\u00e6tteglas leverer pr\u00e6cis det, det h\u00e6vder.<br>\r\nKunderne v\u00e6lger Europa-Peptide, fordi de v\u00e6rds\u00e6tter p\u00e5lidelighed, pr\u00e6cision og integritet. Vi springer ikke over, hvor g\u00e6rdet er lavest - vi s\u00e6tter standarden. Derfor st\u00e5r vores navn for verificeret renhed og dokumenteret tillid - kvaliteter, der definerer alt, hvad vi producerer.<\/h2>\t\t\t\t<\/div>\n\t\t\t\t\t<\/div>\n\t\t<\/div>\n\t\t\t\t<div class=\"elementor-column elementor-col-50 elementor-top-column elementor-element elementor-element-6978345 animated-fast elementor-invisible\" data-id=\"6978345\" data-element_type=\"column\" data-e-type=\"column\" data-settings=\"{&quot;animation&quot;:&quot;fadeInRight&quot;}\">\n\t\t\t<div class=\"elementor-widget-wrap elementor-element-populated\">\n\t\t\t\t\t\t<div class=\"elementor-element elementor-element-f534d75 elementor-widget elementor-widget-image\" data-id=\"f534d75\" data-element_type=\"widget\" data-e-type=\"widget\" data-widget_type=\"image.default\">\n\t\t\t\t\t\t\t\t\t\t\t\t\t\t\t<img decoding=\"async\" width=\"1024\" height=\"1024\" src=\"https:\/\/europa-peptide.com\/wp-content\/uploads\/2025\/10\/Unknown1.png\" class=\"attachment-large size-large wp-image-643\" alt=\"\" srcset=\"https:\/\/europa-peptide.com\/wp-content\/uploads\/2025\/10\/Unknown1.png 1024w, https:\/\/europa-peptide.com\/wp-content\/uploads\/2025\/10\/Unknown1-300x300.png 300w, https:\/\/europa-peptide.com\/wp-content\/uploads\/2025\/10\/Unknown1-150x150.png 150w, https:\/\/europa-peptide.com\/wp-content\/uploads\/2025\/10\/Unknown1-768x768.png 768w, https:\/\/europa-peptide.com\/wp-content\/uploads\/2025\/10\/Unknown1-12x12.png 12w, https:\/\/europa-peptide.com\/wp-content\/uploads\/2025\/10\/Unknown1-600x600.png 600w, https:\/\/europa-peptide.com\/wp-content\/uploads\/2025\/10\/Unknown1-100x100.png 100w\" sizes=\"(max-width: 1024px) 100vw, 1024px\" \/>\t\t\t\t\t\t\t\t\t\t\t\t\t\t\t<\/div>\n\t\t\t\t\t<\/div>\n\t\t<\/div>\n\t\t\t\t\t<\/div>\n\t\t<\/section>\n\t\t\t\t<\/div>","protected":false},"excerpt":{"rendered":"<p>ABOUT US Home ABOUT US Welcome to Europa-Peptide your trusted partner for premium-quality peptides. Our mission is to deliver products that combine exceptional purity, precision, and reliability to meet the highest scientific standards. At Europa-Peptide, we believe that quality begins at the source. That\u2019s why all our peptides are manufactured in certified and approved European laboratories using state-of-the-art technology and strict quality control procedures. Each batch undergoes comprehensive testing in independent third-party labs to verify purity, identity, and consistency &#8211; ensuring every product meets our uncompromising standards. With fast, secure shipping across Europe, transparent communication, and dedicated customer support, we\u2019re committed to providing a seamless and trustworthy experience. Europa-Peptide stands for integrity, precision, and European quality you can rely on &#8211; every single time. OUR MISSION Our mission is to redefine quality and trust in the peptide industry. We are dedicated to providing scientifically verified, lab-tested compounds produced exclusively in certified European facilities. By combining innovation, precision, and transparency, we ensure that every product meets the highest standards of purity and consistency. Our commitment goes beyond quality &#8211; we strive to deliver reliability, integrity, and excellence in everything we do. From manufacturing to customer support, our goal is to create a seamless experience built on professionalism and trust. Europa-Peptide stands for European precision and unmatched quality &#8211; from our labs to your hands. Difference Verified Purity, Proven Trust At Europa-Peptide, quality is more than a promise &#8211; it\u2019s the foundation of everything we do. Every product is crafted under certified European standards and goes through multiple stages of quality control to guarantee exceptional purity, accuracy, and consistency. What truly sets us apart from others is our complete transparency, authentic European production, and commitment to verifiable results. While many rely on unproven sources or outsourced suppliers, we maintain full oversight &#8211; from formulation to final packaging. Our processes are designed to ensure that every vial delivers exactly what it claims. Customers choose Europa-Peptide because they value reliability, precision, and integrity. We don\u2019t cut corners &#8211; we set the standard. That\u2019s why our name stands for verified purity and proven trust &#8211; qualities that define everything we produce.<\/p>","protected":false},"author":1,"featured_media":0,"parent":0,"menu_order":0,"comment_status":"closed","ping_status":"closed","template":"elementor_header_footer","meta":{"_acf_changed":false,"footnotes":""},"class_list":["post-83","page","type-page","status-publish","hentry","entry"],"acf":[],"aioseo_notices":[],"jetpack_sharing_enabled":true,"_links":{"self":[{"href":"https:\/\/europa-peptide.com\/da\/wp-json\/wp\/v2\/pages\/83","targetHints":{"allow":["GET"]}}],"collection":[{"href":"https:\/\/europa-peptide.com\/da\/wp-json\/wp\/v2\/pages"}],"about":[{"href":"https:\/\/europa-peptide.com\/da\/wp-json\/wp\/v2\/types\/page"}],"author":[{"embeddable":true,"href":"https:\/\/europa-peptide.com\/da\/wp-json\/wp\/v2\/users\/1"}],"replies":[{"embeddable":true,"href":"https:\/\/europa-peptide.com\/da\/wp-json\/wp\/v2\/comments?post=83"}],"version-history":[{"count":61,"href":"https:\/\/europa-peptide.com\/da\/wp-json\/wp\/v2\/pages\/83\/revisions"}],"predecessor-version":[{"id":19240,"href":"https:\/\/europa-peptide.com\/da\/wp-json\/wp\/v2\/pages\/83\/revisions\/19240"}],"wp:attachment":[{"href":"https:\/\/europa-peptide.com\/da\/wp-json\/wp\/v2\/media?parent=83"}],"curies":[{"name":"wp","href":"https:\/\/api.w.org\/{rel}","templated":true}]}}