{"id":21982,"date":"2025-11-18T20:34:52","date_gmt":"2025-11-18T19:34:52","guid":{"rendered":"https:\/\/europa-peptide.com\/?post_type=product&#038;p=21982"},"modified":"2026-04-05T20:13:22","modified_gmt":"2026-04-05T18:13:22","slug":"oxytocin-5mg","status":"publish","type":"product","link":"https:\/\/europa-peptide.com\/de\/shop\/oxytocin-5mg\/","title":{"rendered":"Oxytocin 5mg"},"content":{"rendered":"<p data-start=\"145\" data-end=\"229\"><strong data-start=\"145\" data-end=\"229\">Oxytocin 5 mg - Neuropeptid f\u00fcr die Sozial-, Verhaltens- und Stressreaktionsforschung<\/strong><\/p>\n<p data-start=\"231\" data-end=\"469\"><strong data-start=\"231\" data-end=\"247\">Zusammensetzung:<\/strong> 5 mg Oxytocin (lyophilisiertes Peptidpulver)<br data-start=\"290\" data-end=\"293\" \/><strong data-start=\"293\" data-end=\"306\">Kategorie:<\/strong> Neuropeptid<br data-start=\"319\" data-end=\"322\" \/><strong data-start=\"322\" data-end=\"331\">Form:<\/strong> Fl\u00e4schchen mit gefriergetrocknetem Pulver<br data-start=\"361\" data-end=\"364\" \/><strong data-start=\"364\" data-end=\"383\">Verwaltung:<\/strong> Intranasale oder subkutane Anwendung nach Rekonstitution je nach Studiendesign<\/p>\n<p data-start=\"471\" data-end=\"492\"><strong data-start=\"471\" data-end=\"492\">Was ist Oxytocin?<\/strong><\/p>\n<p data-start=\"494\" data-end=\"752\">Oxytocin ist ein nat\u00fcrlich vorkommendes Neuropeptid, das im Hypothalamus synthetisiert und von der Hypophysenhinterwand freigesetzt wird.<br data-start=\"619\" data-end=\"622\" \/>Seine Rolle bei der sozialen Bindung, der Emotionsregulierung, der Stressregulierung und dem Gleichgewicht des autonomen Nervensystems ist weithin untersucht worden.<\/p>\n<p data-start=\"754\" data-end=\"927\">In Forschungsmodellen hat sich gezeigt, dass Oxytocin soziale Verhaltensweisen beeinflusst, Stressmarker reduziert, die emotionale Verarbeitung unterst\u00fctzt und die parasympathische Aktivierung beeinflusst.<\/p>\n<p data-start=\"929\" data-end=\"1053\">Ideal f\u00fcr Studien, die sich mit neurologischer Verhaltensregulation, Stressreaktion, kognitiver Verarbeitung und sozialen Interaktionsmodellen befassen.<\/p>\n<p data-start=\"1055\" data-end=\"1080\"><strong data-start=\"1055\" data-end=\"1080\">Wichtige Forschungsergebnisse<\/strong><\/p>\n<p data-start=\"1082\" data-end=\"1188\">Modulation des Sozialverhaltens: Beeinflusst nachweislich Vertrauen, Bindung und soziale Interaktion in Forschungspfaden.<\/p>\n<p data-start=\"1190\" data-end=\"1292\">Stressabbau: Seine F\u00e4higkeit, den Cortisolaussto\u00df zu senken und ruhige Verhaltensweisen zu unterst\u00fctzen, wurde untersucht.<\/p>\n<p data-start=\"1294\" data-end=\"1401\">Emotionale Verarbeitung: Kann die Hirnregionen beeinflussen, die f\u00fcr Empathie, Anerkennung und emotionale Reaktionen zust\u00e4ndig sind.<\/p>\n<p data-start=\"1403\" data-end=\"1508\">Autonomes Gleichgewicht: Untersucht werden die Auswirkungen auf die Herzfrequenzvariabilit\u00e4t und die Aktivierung des Parasympathikus.<\/p>\n<p data-start=\"1510\" data-end=\"1620\">Neuromodulation: Nachgewiesene Wechselwirkungen mit mehreren Neurotransmittersystemen, einschlie\u00dflich GABA und Dopamin.<\/p>\n<p data-start=\"1622\" data-end=\"1648\"><strong data-start=\"1622\" data-end=\"1648\">Dosierung und Anwendung<\/strong><\/p>\n<p data-start=\"1650\" data-end=\"1700\">Vor Gebrauch mit bakteriostatischem Wasser rekonstituieren.<\/p>\n<p data-start=\"1702\" data-end=\"1894\">Typische Forschungsbereiche variieren je nach Protokoll.<br data-start=\"1749\" data-end=\"1752\" \/>Bei intranasalen Studien werden h\u00e4ufig 20 bis 40 IE-\u00c4quivalente pro Anwendung verwendet.<br data-start=\"1821\" data-end=\"1824\" \/>Subkutane Protokolle verwenden je nach Studiendesign mcg-basierte Dosierungen.<\/p>\n<p data-start=\"1896\" data-end=\"1965\">Die rekonstituierte L\u00f6sung k\u00fchl lagern und innerhalb von 30 Tagen aufbrauchen.<\/p>\n<p data-start=\"1967\" data-end=\"1991\"><strong data-start=\"1967\" data-end=\"1991\">Anweisungen zur Lagerung<\/strong><\/p>\n<p data-start=\"1993\" data-end=\"2093\">Lagerung bei 2 bis 8 C<br data-start=\"2010\" data-end=\"2013\" \/>Vor Licht und Feuchtigkeit sch\u00fctzen<br data-start=\"2044\" data-end=\"2047\" \/>Nicht einfrieren<br data-start=\"2060\" data-end=\"2063\" \/>Vermeiden Sie Temperaturschwankungen<\/p>\n<p data-start=\"2095\" data-end=\"2119\"><strong data-start=\"2095\" data-end=\"2119\">Warum Oxytocin w\u00e4hlen?<\/strong><\/p>\n<p data-start=\"2121\" data-end=\"2379\">Oxytocin ist eines der am umfassendsten untersuchten Neuropeptide in der Verhaltens- und Emotionsforschung.<br data-start=\"2220\" data-end=\"2223\" \/>Seine starke Wirkung auf soziale, kognitive und stressbedingte Signalwege macht es zu einer Schl\u00fcsselverbindung in neurowissenschaftlichen, psychobiologischen und verhaltensphysiologischen Studien.<\/p>\n<p data-start=\"2381\" data-end=\"2482\">Erforschung des Potenzials von <strong data-start=\"2406\" data-end=\"2423\">Oxytocin 5 mg<\/strong> f\u00fcr fortgeschrittene Forschung im Bereich des Neuroverhaltens und der Stressreaktion.<\/p>","protected":false},"excerpt":{"rendered":"<p>Oxytocin 5 mg - Neuropeptid f\u00fcr die Sozial-, Verhaltens- und Stressreaktionsforschung Zusammensetzung: 5 mg Oxytocin (lyophilisiertes Peptidpulver)Kategorie: NeuropeptidForm: Fl\u00e4schchen mit gefriergetrocknetem PulverVerabreichung: Intranasale oder subkutane Anwendung nach Rekonstitution, je nach Studiendesign Was ist Oxytocin? Oxytocin ist ein nat\u00fcrlich vorkommendes Neuropeptid, das im Hypothalamus synthetisiert und von der Hypophysenhinterwand freigesetzt wird und wegen seiner Rolle bei der sozialen Bindung, der Emotionsregulierung, der Stressmodulation und dem Gleichgewicht des autonomen Nervensystems eingehend untersucht wurde. In Forschungsmodellen hat sich gezeigt, dass Oxytocin soziale Verhaltensweisen beeinflusst, Stressmarker reduziert, die emotionale Verarbeitung unterst\u00fctzt und die parasympathische Aktivierung beeinflusst. Oxytocin ist ideal f\u00fcr Studien, die sich mit der Regulierung des Neuroverhaltens, der Stressreaktion, der kognitiven Verarbeitung und sozialen Interaktionsmodellen befassen. Wichtigste Forschungsergebnisse Modulation des Sozialverhaltens: Beeinflusst nachweislich Vertrauen, Bindung und soziale Interaktion in Forschungspfaden. Stressabbau: Die F\u00e4higkeit, die Cortisolaussch\u00fcttung zu senken und ruhige Verhaltenszust\u00e4nde zu unterst\u00fctzen, wurde untersucht. Emotionale Verarbeitung: Kann sich auf Gehirnregionen auswirken, die f\u00fcr Empathie, Anerkennung und emotionale Reaktionen verantwortlich sind. Autonomes Gleichgewicht: Untersucht auf seine Auswirkungen auf die Herzfrequenzvariabilit\u00e4t und die parasympathische Aktivierung. Neuromodulation: Nachgewiesene Wechselwirkungen mit mehreren Neurotransmittersystemen, einschlie\u00dflich GABA und Dopamin. Dosierung und Anwendung Vor Gebrauch mit bakteriostatischem Wasser rekonstituieren. Bei intranasalen Studien werden h\u00e4ufig 20 bis 40 IE-\u00c4quivalente pro Anwendung verwendet, bei subkutanen Protokollen werden je nach Studiendesign Dosierungen auf der Basis von mcg verwendet. Die rekonstituierte L\u00f6sung k\u00fchl lagern und innerhalb von 30 Tagen aufbrauchen. Lagerungshinweise Bei 2 bis 8 CP lagernVor Licht und Feuchtigkeit sch\u00fctzenNicht einfrierenTemperaturschwankungen vermeiden Warum Oxytocin w\u00e4hlen? Oxytocin ist eines der am intensivsten untersuchten Neuropeptide in der Verhaltens- und Emotionsforschung. Seine starke Auswirkung auf soziale, kognitive und stressbezogene Signalwege macht es zu einer Schl\u00fcsselverbindung in neurowissenschaftlichen, psychobiologischen und verhaltensphysiologischen Studien. Entdecken Sie das Potenzial von Oxytocin 5 mg f\u00fcr die fortgeschrittene Neuroverhaltens- und Stressreaktionsforschung.<\/p>","protected":false},"featured_media":21989,"comment_status":"open","ping_status":"closed","template":"","meta":{"_acf_changed":false},"product_brand":[],"product_cat":[17,26,27],"product_tag":[],"class_list":{"0":"post-21982","1":"product","2":"type-product","3":"status-publish","4":"has-post-thumbnail","6":"product_cat-all-products","7":"product_cat-neuroandvascularprotection","8":"product_cat-peptidesandresearchdrugs","9":"entry","10":"has-media","12":"first","13":"instock","14":"shipping-taxable","15":"purchasable","16":"product-type-simple"},"acf":[],"aioseo_notices":[],"jetpack_sharing_enabled":true,"_links":{"self":[{"href":"https:\/\/europa-peptide.com\/de\/wp-json\/wp\/v2\/product\/21982","targetHints":{"allow":["GET"]}}],"collection":[{"href":"https:\/\/europa-peptide.com\/de\/wp-json\/wp\/v2\/product"}],"about":[{"href":"https:\/\/europa-peptide.com\/de\/wp-json\/wp\/v2\/types\/product"}],"replies":[{"embeddable":true,"href":"https:\/\/europa-peptide.com\/de\/wp-json\/wp\/v2\/comments?post=21982"}],"version-history":[{"count":2,"href":"https:\/\/europa-peptide.com\/de\/wp-json\/wp\/v2\/product\/21982\/revisions"}],"predecessor-version":[{"id":47622,"href":"https:\/\/europa-peptide.com\/de\/wp-json\/wp\/v2\/product\/21982\/revisions\/47622"}],"wp:featuredmedia":[{"embeddable":true,"href":"https:\/\/europa-peptide.com\/de\/wp-json\/wp\/v2\/media\/21989"}],"wp:attachment":[{"href":"https:\/\/europa-peptide.com\/de\/wp-json\/wp\/v2\/media?parent=21982"}],"wp:term":[{"taxonomy":"product_brand","embeddable":true,"href":"https:\/\/europa-peptide.com\/de\/wp-json\/wp\/v2\/product_brand?post=21982"},{"taxonomy":"product_cat","embeddable":true,"href":"https:\/\/europa-peptide.com\/de\/wp-json\/wp\/v2\/product_cat?post=21982"},{"taxonomy":"product_tag","embeddable":true,"href":"https:\/\/europa-peptide.com\/de\/wp-json\/wp\/v2\/product_tag?post=21982"}],"curies":[{"name":"wp","href":"https:\/\/api.w.org\/{rel}","templated":true}]}}