{"id":22398,"date":"2025-11-23T12:41:42","date_gmt":"2025-11-23T11:41:42","guid":{"rendered":"https:\/\/europa-peptide.com\/product\/ghk-cu-bundle\/"},"modified":"2026-04-07T13:42:30","modified_gmt":"2026-04-07T11:42:30","slug":"ghk-cu-bundel","status":"publish","type":"product","link":"https:\/\/europa-peptide.com\/de\/shop\/ghk-cu-bundle\/","title":{"rendered":"GHK-CU - B\u00fcndel"},"content":{"rendered":"<h1 data-start=\"165\" data-end=\"230\"><strong data-start=\"167\" data-end=\"230\">GHK-Cu-B\u00fcndel 50 mg<\/strong><\/h1>\n<p data-start=\"232\" data-end=\"505\">Das GHK-Cu-Bundle ist f\u00fcr Forscher gedacht, die ein komplettes, gebrauchsfertiges Setup mit hochwertigen Komponenten ben\u00f6tigen. Dieses Paket enth\u00e4lt alle Materialien, die f\u00fcr eine pr\u00e4zise und hygienische Handhabung von Peptiden erforderlich sind.<\/p>\n<hr data-start=\"843\" data-end=\"846\" \/>\n<h2 data-start=\"848\" data-end=\"870\"><strong data-start=\"851\" data-end=\"870\">Das Bundle enth\u00e4lt<\/strong><\/h2>\n<ul data-start=\"872\" data-end=\"1041\">\n<li data-start=\"872\" data-end=\"924\">\n<p data-start=\"874\" data-end=\"924\"><strong data-start=\"874\" data-end=\"922\">1x GHK-Cu 50 mg (lyophilisiertes Peptidpulver)<\/strong><\/p>\n<\/li>\n<li data-start=\"925\" data-end=\"973\">\n<p data-start=\"927\" data-end=\"973\"><strong data-start=\"927\" data-end=\"971\">1x 3 ml Bakteriostatisches Wasser (BAC-Wasser)<\/strong><\/p>\n<\/li>\n<li data-start=\"974\" data-end=\"1018\">\n<p data-start=\"976\" data-end=\"1018\"><strong data-start=\"976\" data-end=\"1016\">10x Insulinspritzen (1 ml \/ 100 IU)<\/strong><\/p>\n<\/li>\n<li data-start=\"1019\" data-end=\"1041\">\n<p data-start=\"1021\" data-end=\"1041\"><strong data-start=\"1021\" data-end=\"1041\">20x Alkoholtupfer<\/strong><\/p>\n<\/li>\n<\/ul>\n<hr data-start=\"1043\" data-end=\"1046\" \/>\n<h2 data-start=\"1048\" data-end=\"1067\"><strong data-start=\"1051\" data-end=\"1067\">Wert des B\u00fcndels<\/strong><\/h2>\n<p data-start=\"1069\" data-end=\"1182\">Der Gesamtwert aller einbezogenen Posten betr\u00e4gt <strong data-start=\"1113\" data-end=\"1127\">104,42 EUR<\/strong>, angeboten als komplettes Forschungspaket f\u00fcr <strong data-start=\"1171\" data-end=\"1181\">74,90 EUR<\/strong>.<\/p>\n<p data-start=\"1184\" data-end=\"1284\">Dies macht das Paket zu einer \u00e4u\u00dferst kosteneffizienten Option f\u00fcr Forscher, die eine komplett ausgestattete Einrichtung suchen.<\/p>\n<hr data-start=\"1286\" data-end=\"1289\" \/>\n<h2 data-start=\"1291\" data-end=\"1316\"><strong data-start=\"1294\" data-end=\"1316\">Produktvorteile<\/strong><\/h2>\n<ul data-start=\"1318\" data-end=\"1564\">\n<li data-start=\"1318\" data-end=\"1356\">\n<p data-start=\"1320\" data-end=\"1356\">Vollst\u00e4ndige All-in-One-Forschungseinrichtung<\/p>\n<\/li>\n<li data-start=\"1357\" data-end=\"1401\">\n<p data-start=\"1359\" data-end=\"1401\">Hochreines GHK-Cu in Laborqualit\u00e4t<\/p>\n<\/li>\n<li data-start=\"1402\" data-end=\"1472\">\n<p data-start=\"1404\" data-end=\"1472\">Enth\u00e4lt alle f\u00fcr die ordnungsgem\u00e4\u00dfe Rekonstitution und Handhabung erforderlichen Teile<\/p>\n<\/li>\n<li data-start=\"1473\" data-end=\"1507\">\n<p data-start=\"1475\" data-end=\"1507\">Keine zus\u00e4tzliche Ausr\u00fcstung erforderlich<\/p>\n<\/li>\n<\/ul>","protected":false},"excerpt":{"rendered":"<p>GHK-Cu Bundle 50 mg The GHK-Cu Bundle is designed for researchers who require a complete, ready-to-use setup with premium-grade components. This bundle includes all materials needed for precise and hygienic peptide handling. Bundle Includes 1x GHK-Cu 50 mg (lyophilized peptide powder) 1x 3 ml Bacteriostatic Water (BAC Water) 10x Insulin Syringes (1 ml \/ 100 IU) 20x Alcohol Pads Bundle Value The combined value of all included items is 104,42 EUR, offered as a complete research bundle for 74,90 EUR. This makes the bundle a highly cost-efficient option for researchers seeking a fully equipped setup. Product Advantages Complete all-in-one research setup High-purity GHK-Cu in laboratory quality Includes all items required for proper reconstitution and handling No additional equipment needed<\/p>","protected":false},"featured_media":22394,"comment_status":"open","ping_status":"closed","template":"","meta":{"_acf_changed":false},"product_brand":[],"product_cat":[17,34],"product_tag":[],"class_list":{"0":"post-22398","1":"product","2":"type-product","3":"status-publish","4":"has-post-thumbnail","6":"product_cat-all-products","7":"product_cat-bundles","8":"entry","9":"has-media","11":"first","12":"instock","13":"sale","14":"purchasable","15":"product-type-woosb"},"acf":[],"aioseo_notices":[],"jetpack_sharing_enabled":true,"_links":{"self":[{"href":"https:\/\/europa-peptide.com\/de\/wp-json\/wp\/v2\/product\/22398","targetHints":{"allow":["GET"]}}],"collection":[{"href":"https:\/\/europa-peptide.com\/de\/wp-json\/wp\/v2\/product"}],"about":[{"href":"https:\/\/europa-peptide.com\/de\/wp-json\/wp\/v2\/types\/product"}],"replies":[{"embeddable":true,"href":"https:\/\/europa-peptide.com\/de\/wp-json\/wp\/v2\/comments?post=22398"}],"version-history":[{"count":3,"href":"https:\/\/europa-peptide.com\/de\/wp-json\/wp\/v2\/product\/22398\/revisions"}],"predecessor-version":[{"id":22401,"href":"https:\/\/europa-peptide.com\/de\/wp-json\/wp\/v2\/product\/22398\/revisions\/22401"}],"wp:featuredmedia":[{"embeddable":true,"href":"https:\/\/europa-peptide.com\/de\/wp-json\/wp\/v2\/media\/22394"}],"wp:attachment":[{"href":"https:\/\/europa-peptide.com\/de\/wp-json\/wp\/v2\/media?parent=22398"}],"wp:term":[{"taxonomy":"product_brand","embeddable":true,"href":"https:\/\/europa-peptide.com\/de\/wp-json\/wp\/v2\/product_brand?post=22398"},{"taxonomy":"product_cat","embeddable":true,"href":"https:\/\/europa-peptide.com\/de\/wp-json\/wp\/v2\/product_cat?post=22398"},{"taxonomy":"product_tag","embeddable":true,"href":"https:\/\/europa-peptide.com\/de\/wp-json\/wp\/v2\/product_tag?post=22398"}],"curies":[{"name":"wp","href":"https:\/\/api.w.org\/{rel}","templated":true}]}}