{"id":83,"date":"2025-10-14T13:26:48","date_gmt":"2025-10-14T13:26:48","guid":{"rendered":"https:\/\/europa-peptide.com\/?page_id=83"},"modified":"2025-10-19T22:34:02","modified_gmt":"2025-10-19T20:34:02","slug":"acerca-de-nosotros","status":"publish","type":"page","link":"https:\/\/europa-peptide.com\/es\/about-us\/","title":{"rendered":"Qui\u00e9nes somos"},"content":{"rendered":"<div data-elementor-type=\"wp-page\" data-elementor-id=\"83\" class=\"elementor elementor-83\" data-elementor-post-type=\"page\">\n\t\t\t\t\t\t<section data-particle_enable=\"false\" data-particle-mobile-disabled=\"false\" class=\"elementor-section elementor-top-section elementor-element elementor-element-2a4fd57 elementor-section-full_width elementor-section-height-default elementor-section-height-default wpr-particle-no wpr-jarallax-no wpr-parallax-no wpr-sticky-section-no\" data-id=\"2a4fd57\" data-element_type=\"section\" data-e-type=\"section\" data-settings=\"{&quot;background_background&quot;:&quot;classic&quot;,&quot;shape_divider_bottom&quot;:&quot;triangle&quot;,&quot;shape_divider_bottom_negative&quot;:&quot;yes&quot;}\">\n\t\t\t\t\t\t\t<div class=\"elementor-background-overlay\"><\/div>\n\t\t\t\t\t\t<div class=\"elementor-shape elementor-shape-bottom\" aria-hidden=\"true\" data-negative=\"true\">\n\t\t\t<svg xmlns=\"http:\/\/www.w3.org\/2000\/svg\" viewbox=\"0 0 1000 100\" preserveaspectratio=\"none\">\n\t<path class=\"elementor-shape-fill\" d=\"M500.2,94.7L0,0v100h1000V0L500.2,94.7z\"\/>\n<\/svg>\t\t<\/div>\n\t\t\t\t\t<div class=\"elementor-container elementor-column-gap-default\">\n\t\t\t\t\t<div class=\"elementor-column elementor-col-100 elementor-top-column elementor-element elementor-element-e87898c animated-fast elementor-invisible\" data-id=\"e87898c\" data-element_type=\"column\" data-e-type=\"column\" data-settings=\"{&quot;animation&quot;:&quot;fadeInUp&quot;}\">\n\t\t\t<div class=\"elementor-widget-wrap elementor-element-populated\">\n\t\t\t\t\t\t<div class=\"elementor-element elementor-element-5a6d00a elementor-widget elementor-widget-heading\" data-id=\"5a6d00a\" data-element_type=\"widget\" data-e-type=\"widget\" data-widget_type=\"heading.default\">\n\t\t\t\t\t<h2 class=\"elementor-heading-title elementor-size-default\">SOBRE NOSOTROS<\/h2>\t\t\t\t<\/div>\n\t\t\t\t<div class=\"elementor-element elementor-element-a3f00b4 elementor-widget elementor-widget-hfe-breadcrumbs-widget\" data-id=\"a3f00b4\" data-element_type=\"widget\" data-e-type=\"widget\" data-widget_type=\"hfe-breadcrumbs-widget.default\">\n\t\t\t\t<div class=\"elementor-widget-container\">\n\t\t\t\t\t<nav aria-label=\"Migas de pan\"><ul class=\"hfe-breadcrumbs hfe-breadcrumbs-show-home\"><li class=\"hfe-breadcrumbs-item hfe-breadcrumbs-first\"><span class=\"hfe-breadcrumbs-home-icon\"><\/span><a href=\"https:\/\/europa-peptide.com\/es\"><span class=\"hfe-breadcrumbs-text\">Inicio<\/span><\/a><\/li><\/ul><\/nav>\t\t\t\t<\/div>\n\t\t\t\t<\/div>\n\t\t\t\t\t<\/div>\n\t\t<\/div>\n\t\t\t\t\t<\/div>\n\t\t<\/section>\n\t\t\t\t<section data-particle_enable=\"false\" data-particle-mobile-disabled=\"false\" class=\"elementor-section elementor-top-section elementor-element elementor-element-8fcdb03 elementor-section-full_width elementor-section-height-default elementor-section-height-default wpr-particle-no wpr-jarallax-no wpr-parallax-no wpr-sticky-section-no\" data-id=\"8fcdb03\" data-element_type=\"section\" data-e-type=\"section\">\n\t\t\t\t\t\t<div class=\"elementor-container elementor-column-gap-default\">\n\t\t\t\t\t<div class=\"elementor-column elementor-col-50 elementor-top-column elementor-element elementor-element-7d83ee6 animated-fast elementor-invisible\" data-id=\"7d83ee6\" data-element_type=\"column\" data-e-type=\"column\" data-settings=\"{&quot;animation&quot;:&quot;fadeInLeft&quot;}\">\n\t\t\t<div class=\"elementor-widget-wrap elementor-element-populated\">\n\t\t\t\t\t\t<div class=\"elementor-element elementor-element-34a4186 elementor-widget elementor-widget-image\" data-id=\"34a4186\" data-element_type=\"widget\" data-e-type=\"widget\" data-widget_type=\"image.default\">\n\t\t\t\t\t\t\t\t\t\t\t\t\t\t\t<img fetchpriority=\"high\" decoding=\"async\" width=\"1024\" height=\"1024\" src=\"https:\/\/europa-peptide.com\/wp-content\/uploads\/2025\/10\/Unknown.png\" class=\"attachment-large size-large wp-image-541\" alt=\"\" srcset=\"https:\/\/europa-peptide.com\/wp-content\/uploads\/2025\/10\/Unknown.png 1024w, https:\/\/europa-peptide.com\/wp-content\/uploads\/2025\/10\/Unknown-300x300.png 300w, https:\/\/europa-peptide.com\/wp-content\/uploads\/2025\/10\/Unknown-150x150.png 150w, https:\/\/europa-peptide.com\/wp-content\/uploads\/2025\/10\/Unknown-768x768.png 768w, https:\/\/europa-peptide.com\/wp-content\/uploads\/2025\/10\/Unknown-12x12.png 12w, https:\/\/europa-peptide.com\/wp-content\/uploads\/2025\/10\/Unknown-600x600.png 600w, https:\/\/europa-peptide.com\/wp-content\/uploads\/2025\/10\/Unknown-100x100.png 100w\" sizes=\"(max-width: 1024px) 100vw, 1024px\" \/>\t\t\t\t\t\t\t\t\t\t\t\t\t\t\t<\/div>\n\t\t\t\t\t<\/div>\n\t\t<\/div>\n\t\t\t\t<div class=\"elementor-column elementor-col-50 elementor-top-column elementor-element elementor-element-c7d98d1 animated-fast elementor-invisible\" data-id=\"c7d98d1\" data-element_type=\"column\" data-e-type=\"column\" data-settings=\"{&quot;animation&quot;:&quot;fadeInRight&quot;}\">\n\t\t\t<div class=\"elementor-widget-wrap elementor-element-populated\">\n\t\t\t\t\t\t<div class=\"elementor-element elementor-element-e95f3d8 elementor-widget elementor-widget-heading\" data-id=\"e95f3d8\" data-element_type=\"widget\" data-e-type=\"widget\" data-widget_type=\"heading.default\">\n\t\t\t\t\t<h2 class=\"elementor-heading-title elementor-size-default\">SOBRE NOSOTROS<\/h2>\t\t\t\t<\/div>\n\t\t\t\t<div class=\"elementor-element elementor-element-d5da67a elementor-widget elementor-widget-heading\" data-id=\"d5da67a\" data-element_type=\"widget\" data-e-type=\"widget\" data-widget_type=\"heading.default\">\n\t\t\t\t\t<h2 class=\"elementor-heading-title elementor-size-default\">Bienvenido a Europa-Peptide<\/h2>\t\t\t\t<\/div>\n\t\t\t\t<div class=\"elementor-element elementor-element-8bdcdbf elementor-widget elementor-widget-heading\" data-id=\"8bdcdbf\" data-element_type=\"widget\" data-e-type=\"widget\" data-widget_type=\"heading.default\">\n\t\t\t\t\t<h2 class=\"elementor-heading-title elementor-size-default\">su socio de confianza para p\u00e9ptidos de primera calidad. Nuestra misi\u00f3n es suministrar productos que combinen una pureza, precisi\u00f3n y fiabilidad excepcionales para cumplir las normas cient\u00edficas m\u00e1s exigentes.\nEn Europa-Peptide, creemos que la calidad empieza en la fuente. Por eso, todos nuestros p\u00e9ptidos se fabrican en laboratorios europeos certificados y homologados que utilizan tecnolog\u00eda punta y estrictos procedimientos de control de calidad. Cada lote se somete a pruebas exhaustivas en laboratorios independientes de terceros para verificar su pureza, identidad y consistencia, garantizando as\u00ed que cada producto cumple nuestros exigentes est\u00e1ndares.\nCon un env\u00edo r\u00e1pido y seguro a toda Europa, una comunicaci\u00f3n transparente y un servicio de atenci\u00f3n al cliente dedicado, nos comprometemos a proporcionar una experiencia fluida y de confianza. Europa-Peptide es sin\u00f3nimo de integridad, precisi\u00f3n y calidad europea en la que puede confiar en todo momento.<\/h2>\t\t\t\t<\/div>\n\t\t\t\t\t<\/div>\n\t\t<\/div>\n\t\t\t\t\t<\/div>\n\t\t<\/section>\n\t\t\t\t<section data-particle_enable=\"false\" data-particle-mobile-disabled=\"false\" class=\"elementor-section elementor-top-section elementor-element elementor-element-7dd6950 elementor-section-boxed elementor-section-height-default elementor-section-height-default wpr-particle-no wpr-jarallax-no wpr-parallax-no wpr-sticky-section-no\" data-id=\"7dd6950\" data-element_type=\"section\" data-e-type=\"section\" data-settings=\"{&quot;background_background&quot;:&quot;classic&quot;,&quot;shape_divider_top&quot;:&quot;triangle&quot;,&quot;shape_divider_top_negative&quot;:&quot;yes&quot;,&quot;shape_divider_bottom&quot;:&quot;triangle&quot;,&quot;shape_divider_bottom_negative&quot;:&quot;yes&quot;}\">\n\t\t\t\t\t\t\t<div class=\"elementor-background-overlay\"><\/div>\n\t\t\t\t\t\t<div class=\"elementor-shape elementor-shape-top\" aria-hidden=\"true\" data-negative=\"true\">\n\t\t\t<svg xmlns=\"http:\/\/www.w3.org\/2000\/svg\" viewbox=\"0 0 1000 100\" preserveaspectratio=\"none\">\n\t<path class=\"elementor-shape-fill\" d=\"M500.2,94.7L0,0v100h1000V0L500.2,94.7z\"\/>\n<\/svg>\t\t<\/div>\n\t\t\t\t<div class=\"elementor-shape elementor-shape-bottom\" aria-hidden=\"true\" data-negative=\"true\">\n\t\t\t<svg xmlns=\"http:\/\/www.w3.org\/2000\/svg\" viewbox=\"0 0 1000 100\" preserveaspectratio=\"none\">\n\t<path class=\"elementor-shape-fill\" d=\"M500.2,94.7L0,0v100h1000V0L500.2,94.7z\"\/>\n<\/svg>\t\t<\/div>\n\t\t\t\t\t<div class=\"elementor-container elementor-column-gap-default\">\n\t\t\t\t\t<div class=\"elementor-column elementor-col-100 elementor-top-column elementor-element elementor-element-7ae0e20 animated-fast elementor-invisible\" data-id=\"7ae0e20\" data-element_type=\"column\" data-e-type=\"column\" data-settings=\"{&quot;animation&quot;:&quot;fadeInUp&quot;}\">\n\t\t\t<div class=\"elementor-widget-wrap elementor-element-populated\">\n\t\t\t\t\t\t<div class=\"elementor-element elementor-element-9848827 elementor-widget elementor-widget-heading\" data-id=\"9848827\" data-element_type=\"widget\" data-e-type=\"widget\" data-widget_type=\"heading.default\">\n\t\t\t\t\t<h2 class=\"elementor-heading-title elementor-size-default\">NUESTRA MISI\u00d3N<\/h2>\t\t\t\t<\/div>\n\t\t\t\t<div class=\"elementor-element elementor-element-d131017 elementor-widget elementor-widget-heading\" data-id=\"d131017\" data-element_type=\"widget\" data-e-type=\"widget\" data-widget_type=\"heading.default\">\n\t\t\t\t\t<h2 class=\"elementor-heading-title elementor-size-default\">Nuestra misi\u00f3n es redefinir la calidad y la confianza en la industria de los p\u00e9ptidos. Nos dedicamos a proporcionar compuestos cient\u00edficamente verificados y probados en laboratorio, producidos exclusivamente en instalaciones europeas certificadas. Combinando innovaci\u00f3n, precisi\u00f3n y transparencia, nos aseguramos de que cada producto cumpla los m\u00e1s altos est\u00e1ndares de pureza y consistencia.\nNuestro compromiso va m\u00e1s all\u00e1 de la calidad: nos esforzamos por ofrecer fiabilidad, integridad y excelencia en todo lo que hacemos. Desde la fabricaci\u00f3n hasta la atenci\u00f3n al cliente, nuestro objetivo es crear una experiencia sin fisuras basada en la profesionalidad y la confianza. Europa-Peptide es sin\u00f3nimo de precisi\u00f3n europea y calidad inigualable, desde nuestros laboratorios hasta sus manos.<\/h2>\t\t\t\t<\/div>\n\t\t\t\t\t<\/div>\n\t\t<\/div>\n\t\t\t\t\t<\/div>\n\t\t<\/section>\n\t\t\t\t<section data-particle_enable=\"false\" data-particle-mobile-disabled=\"false\" class=\"elementor-section elementor-top-section elementor-element elementor-element-3481080 elementor-section-full_width elementor-section-height-default elementor-section-height-default wpr-particle-no wpr-jarallax-no wpr-parallax-no wpr-sticky-section-no\" data-id=\"3481080\" data-element_type=\"section\" data-e-type=\"section\">\n\t\t\t\t\t\t<div class=\"elementor-container elementor-column-gap-default\">\n\t\t\t\t\t<div class=\"elementor-column elementor-col-50 elementor-top-column elementor-element elementor-element-85d6e03 animated-fast elementor-invisible\" data-id=\"85d6e03\" data-element_type=\"column\" data-e-type=\"column\" data-settings=\"{&quot;animation&quot;:&quot;fadeInLeft&quot;}\">\n\t\t\t<div class=\"elementor-widget-wrap elementor-element-populated\">\n\t\t\t\t\t\t<div class=\"elementor-element elementor-element-d60ed74 elementor-widget elementor-widget-heading\" data-id=\"d60ed74\" data-element_type=\"widget\" data-e-type=\"widget\" data-widget_type=\"heading.default\">\n\t\t\t\t\t<h2 class=\"elementor-heading-title elementor-size-default\">Diferencia<\/h2>\t\t\t\t<\/div>\n\t\t\t\t<div class=\"elementor-element elementor-element-37c9f8c elementor-widget elementor-widget-heading\" data-id=\"37c9f8c\" data-element_type=\"widget\" data-e-type=\"widget\" data-widget_type=\"heading.default\">\n\t\t\t\t\t<h2 class=\"elementor-heading-title elementor-size-default\">Pureza verificada, confianza demostrada<\/h2>\t\t\t\t<\/div>\n\t\t\t\t<div class=\"elementor-element elementor-element-a443048 elementor-widget elementor-widget-heading\" data-id=\"a443048\" data-element_type=\"widget\" data-e-type=\"widget\" data-widget_type=\"heading.default\">\n\t\t\t\t\t<h2 class=\"elementor-heading-title elementor-size-default translation-block\">En Europa-Peptide, la calidad es m\u00e1s que una promesa: es la base de todo lo que hacemos. Cada producto se elabora bajo normas europeas certificadas y pasa por m\u00faltiples etapas de control de calidad para garantizar una pureza, precisi\u00f3n y consistencia excepcionales.\r\nLo que realmente nos diferencia de los dem\u00e1s es nuestra total transparencia, nuestra aut\u00e9ntica producci\u00f3n europea y nuestro compromiso con la obtenci\u00f3n de resultados verificables. <br>Mientras que muchos conf\u00edan en fuentes no probadas o en proveedores externos, nosotros mantenemos una supervisi\u00f3n total, desde la formulaci\u00f3n hasta el envasado final. Nuestros procesos est\u00e1n dise\u00f1ados para garantizar que cada vial proporcione exactamente lo que afirma.<br>\r\nLos clientes eligen Europa-Peptide porque valoran la fiabilidad, la precisi\u00f3n y la integridad. No escatimamos en gastos, sino que marcamos la pauta. Por eso nuestro nombre es sin\u00f3nimo de pureza verificada y confianza demostrada, cualidades que definen todo lo que producimos.<\/h2>\t\t\t\t<\/div>\n\t\t\t\t\t<\/div>\n\t\t<\/div>\n\t\t\t\t<div class=\"elementor-column elementor-col-50 elementor-top-column elementor-element elementor-element-6978345 animated-fast elementor-invisible\" data-id=\"6978345\" data-element_type=\"column\" data-e-type=\"column\" data-settings=\"{&quot;animation&quot;:&quot;fadeInRight&quot;}\">\n\t\t\t<div class=\"elementor-widget-wrap elementor-element-populated\">\n\t\t\t\t\t\t<div class=\"elementor-element elementor-element-f534d75 elementor-widget elementor-widget-image\" data-id=\"f534d75\" data-element_type=\"widget\" data-e-type=\"widget\" data-widget_type=\"image.default\">\n\t\t\t\t\t\t\t\t\t\t\t\t\t\t\t<img decoding=\"async\" width=\"1024\" height=\"1024\" src=\"https:\/\/europa-peptide.com\/wp-content\/uploads\/2025\/10\/Unknown1.png\" class=\"attachment-large size-large wp-image-643\" alt=\"\" srcset=\"https:\/\/europa-peptide.com\/wp-content\/uploads\/2025\/10\/Unknown1.png 1024w, https:\/\/europa-peptide.com\/wp-content\/uploads\/2025\/10\/Unknown1-300x300.png 300w, https:\/\/europa-peptide.com\/wp-content\/uploads\/2025\/10\/Unknown1-150x150.png 150w, https:\/\/europa-peptide.com\/wp-content\/uploads\/2025\/10\/Unknown1-768x768.png 768w, https:\/\/europa-peptide.com\/wp-content\/uploads\/2025\/10\/Unknown1-12x12.png 12w, https:\/\/europa-peptide.com\/wp-content\/uploads\/2025\/10\/Unknown1-600x600.png 600w, https:\/\/europa-peptide.com\/wp-content\/uploads\/2025\/10\/Unknown1-100x100.png 100w\" sizes=\"(max-width: 1024px) 100vw, 1024px\" \/>\t\t\t\t\t\t\t\t\t\t\t\t\t\t\t<\/div>\n\t\t\t\t\t<\/div>\n\t\t<\/div>\n\t\t\t\t\t<\/div>\n\t\t<\/section>\n\t\t\t\t<\/div>","protected":false},"excerpt":{"rendered":"<p>ABOUT US Home ABOUT US Welcome to Europa-Peptide your trusted partner for premium-quality peptides. Our mission is to deliver products that combine exceptional purity, precision, and reliability to meet the highest scientific standards. At Europa-Peptide, we believe that quality begins at the source. That\u2019s why all our peptides are manufactured in certified and approved European laboratories using state-of-the-art technology and strict quality control procedures. Each batch undergoes comprehensive testing in independent third-party labs to verify purity, identity, and consistency &#8211; ensuring every product meets our uncompromising standards. With fast, secure shipping across Europe, transparent communication, and dedicated customer support, we\u2019re committed to providing a seamless and trustworthy experience. Europa-Peptide stands for integrity, precision, and European quality you can rely on &#8211; every single time. OUR MISSION Our mission is to redefine quality and trust in the peptide industry. We are dedicated to providing scientifically verified, lab-tested compounds produced exclusively in certified European facilities. By combining innovation, precision, and transparency, we ensure that every product meets the highest standards of purity and consistency. Our commitment goes beyond quality &#8211; we strive to deliver reliability, integrity, and excellence in everything we do. From manufacturing to customer support, our goal is to create a seamless experience built on professionalism and trust. Europa-Peptide stands for European precision and unmatched quality &#8211; from our labs to your hands. Difference Verified Purity, Proven Trust At Europa-Peptide, quality is more than a promise &#8211; it\u2019s the foundation of everything we do. Every product is crafted under certified European standards and goes through multiple stages of quality control to guarantee exceptional purity, accuracy, and consistency. What truly sets us apart from others is our complete transparency, authentic European production, and commitment to verifiable results. While many rely on unproven sources or outsourced suppliers, we maintain full oversight &#8211; from formulation to final packaging. Our processes are designed to ensure that every vial delivers exactly what it claims. Customers choose Europa-Peptide because they value reliability, precision, and integrity. We don\u2019t cut corners &#8211; we set the standard. That\u2019s why our name stands for verified purity and proven trust &#8211; qualities that define everything we produce.<\/p>","protected":false},"author":1,"featured_media":0,"parent":0,"menu_order":0,"comment_status":"closed","ping_status":"closed","template":"elementor_header_footer","meta":{"_acf_changed":false,"footnotes":""},"class_list":["post-83","page","type-page","status-publish","hentry","entry"],"acf":[],"aioseo_notices":[],"jetpack_sharing_enabled":true,"_links":{"self":[{"href":"https:\/\/europa-peptide.com\/es\/wp-json\/wp\/v2\/pages\/83","targetHints":{"allow":["GET"]}}],"collection":[{"href":"https:\/\/europa-peptide.com\/es\/wp-json\/wp\/v2\/pages"}],"about":[{"href":"https:\/\/europa-peptide.com\/es\/wp-json\/wp\/v2\/types\/page"}],"author":[{"embeddable":true,"href":"https:\/\/europa-peptide.com\/es\/wp-json\/wp\/v2\/users\/1"}],"replies":[{"embeddable":true,"href":"https:\/\/europa-peptide.com\/es\/wp-json\/wp\/v2\/comments?post=83"}],"version-history":[{"count":61,"href":"https:\/\/europa-peptide.com\/es\/wp-json\/wp\/v2\/pages\/83\/revisions"}],"predecessor-version":[{"id":19240,"href":"https:\/\/europa-peptide.com\/es\/wp-json\/wp\/v2\/pages\/83\/revisions\/19240"}],"wp:attachment":[{"href":"https:\/\/europa-peptide.com\/es\/wp-json\/wp\/v2\/media?parent=83"}],"curies":[{"name":"wp","href":"https:\/\/api.w.org\/{rel}","templated":true}]}}