{"id":83,"date":"2025-10-14T13:26:48","date_gmt":"2025-10-14T13:26:48","guid":{"rendered":"https:\/\/europa-peptide.com\/?page_id=83"},"modified":"2025-10-19T22:34:02","modified_gmt":"2025-10-19T20:34:02","slug":"a-propos-de-nous","status":"publish","type":"page","link":"https:\/\/europa-peptide.com\/fr\/about-us\/","title":{"rendered":"\u00c0 propos de nous"},"content":{"rendered":"<div data-elementor-type=\"wp-page\" data-elementor-id=\"83\" class=\"elementor elementor-83\" data-elementor-post-type=\"page\">\n\t\t\t\t\t\t<section data-particle_enable=\"false\" data-particle-mobile-disabled=\"false\" class=\"elementor-section elementor-top-section elementor-element elementor-element-2a4fd57 elementor-section-full_width elementor-section-height-default elementor-section-height-default wpr-particle-no wpr-jarallax-no wpr-parallax-no wpr-sticky-section-no\" data-id=\"2a4fd57\" data-element_type=\"section\" data-e-type=\"section\" data-settings=\"{&quot;background_background&quot;:&quot;classic&quot;,&quot;shape_divider_bottom&quot;:&quot;triangle&quot;,&quot;shape_divider_bottom_negative&quot;:&quot;yes&quot;}\">\n\t\t\t\t\t\t\t<div class=\"elementor-background-overlay\"><\/div>\n\t\t\t\t\t\t<div class=\"elementor-shape elementor-shape-bottom\" aria-hidden=\"true\" data-negative=\"true\">\n\t\t\t<svg xmlns=\"http:\/\/www.w3.org\/2000\/svg\" viewbox=\"0 0 1000 100\" preserveaspectratio=\"none\">\n\t<path class=\"elementor-shape-fill\" d=\"M500.2,94.7L0,0v100h1000V0L500.2,94.7z\"\/>\n<\/svg>\t\t<\/div>\n\t\t\t\t\t<div class=\"elementor-container elementor-column-gap-default\">\n\t\t\t\t\t<div class=\"elementor-column elementor-col-100 elementor-top-column elementor-element elementor-element-e87898c animated-fast elementor-invisible\" data-id=\"e87898c\" data-element_type=\"column\" data-e-type=\"column\" data-settings=\"{&quot;animation&quot;:&quot;fadeInUp&quot;}\">\n\t\t\t<div class=\"elementor-widget-wrap elementor-element-populated\">\n\t\t\t\t\t\t<div class=\"elementor-element elementor-element-5a6d00a elementor-widget elementor-widget-heading\" data-id=\"5a6d00a\" data-element_type=\"widget\" data-e-type=\"widget\" data-widget_type=\"heading.default\">\n\t\t\t\t\t<h2 class=\"elementor-heading-title elementor-size-default\">\u00c0 PROPOS DE NOUS<\/h2>\t\t\t\t<\/div>\n\t\t\t\t<div class=\"elementor-element elementor-element-a3f00b4 elementor-widget elementor-widget-hfe-breadcrumbs-widget\" data-id=\"a3f00b4\" data-element_type=\"widget\" data-e-type=\"widget\" data-widget_type=\"hfe-breadcrumbs-widget.default\">\n\t\t\t\t<div class=\"elementor-widget-container\">\n\t\t\t\t\t<nav aria-label=\"Fil d&#039;Ariane\"><ul class=\"hfe-breadcrumbs hfe-breadcrumbs-show-home\"><li class=\"hfe-breadcrumbs-item hfe-breadcrumbs-first\"><span class=\"hfe-breadcrumbs-home-icon\"><\/span><a href=\"https:\/\/europa-peptide.com\/fr\"><span class=\"hfe-breadcrumbs-text\">Accueil<\/span><\/a><\/li><\/ul><\/nav>\t\t\t\t<\/div>\n\t\t\t\t<\/div>\n\t\t\t\t\t<\/div>\n\t\t<\/div>\n\t\t\t\t\t<\/div>\n\t\t<\/section>\n\t\t\t\t<section data-particle_enable=\"false\" data-particle-mobile-disabled=\"false\" class=\"elementor-section elementor-top-section elementor-element elementor-element-8fcdb03 elementor-section-full_width elementor-section-height-default elementor-section-height-default wpr-particle-no wpr-jarallax-no wpr-parallax-no wpr-sticky-section-no\" data-id=\"8fcdb03\" data-element_type=\"section\" data-e-type=\"section\">\n\t\t\t\t\t\t<div class=\"elementor-container elementor-column-gap-default\">\n\t\t\t\t\t<div class=\"elementor-column elementor-col-50 elementor-top-column elementor-element elementor-element-7d83ee6 animated-fast elementor-invisible\" data-id=\"7d83ee6\" data-element_type=\"column\" data-e-type=\"column\" data-settings=\"{&quot;animation&quot;:&quot;fadeInLeft&quot;}\">\n\t\t\t<div class=\"elementor-widget-wrap elementor-element-populated\">\n\t\t\t\t\t\t<div class=\"elementor-element elementor-element-34a4186 elementor-widget elementor-widget-image\" data-id=\"34a4186\" data-element_type=\"widget\" data-e-type=\"widget\" data-widget_type=\"image.default\">\n\t\t\t\t\t\t\t\t\t\t\t\t\t\t\t<img fetchpriority=\"high\" decoding=\"async\" width=\"1024\" height=\"1024\" src=\"https:\/\/europa-peptide.com\/wp-content\/uploads\/2025\/10\/Unknown.png\" class=\"attachment-large size-large wp-image-541\" alt=\"\" srcset=\"https:\/\/europa-peptide.com\/wp-content\/uploads\/2025\/10\/Unknown.png 1024w, https:\/\/europa-peptide.com\/wp-content\/uploads\/2025\/10\/Unknown-300x300.png 300w, https:\/\/europa-peptide.com\/wp-content\/uploads\/2025\/10\/Unknown-150x150.png 150w, https:\/\/europa-peptide.com\/wp-content\/uploads\/2025\/10\/Unknown-768x768.png 768w, https:\/\/europa-peptide.com\/wp-content\/uploads\/2025\/10\/Unknown-12x12.png 12w, https:\/\/europa-peptide.com\/wp-content\/uploads\/2025\/10\/Unknown-600x600.png 600w, https:\/\/europa-peptide.com\/wp-content\/uploads\/2025\/10\/Unknown-100x100.png 100w\" sizes=\"(max-width: 1024px) 100vw, 1024px\" \/>\t\t\t\t\t\t\t\t\t\t\t\t\t\t\t<\/div>\n\t\t\t\t\t<\/div>\n\t\t<\/div>\n\t\t\t\t<div class=\"elementor-column elementor-col-50 elementor-top-column elementor-element elementor-element-c7d98d1 animated-fast elementor-invisible\" data-id=\"c7d98d1\" data-element_type=\"column\" data-e-type=\"column\" data-settings=\"{&quot;animation&quot;:&quot;fadeInRight&quot;}\">\n\t\t\t<div class=\"elementor-widget-wrap elementor-element-populated\">\n\t\t\t\t\t\t<div class=\"elementor-element elementor-element-e95f3d8 elementor-widget elementor-widget-heading\" data-id=\"e95f3d8\" data-element_type=\"widget\" data-e-type=\"widget\" data-widget_type=\"heading.default\">\n\t\t\t\t\t<h2 class=\"elementor-heading-title elementor-size-default\">\u00c0 PROPOS DE NOUS<\/h2>\t\t\t\t<\/div>\n\t\t\t\t<div class=\"elementor-element elementor-element-d5da67a elementor-widget elementor-widget-heading\" data-id=\"d5da67a\" data-element_type=\"widget\" data-e-type=\"widget\" data-widget_type=\"heading.default\">\n\t\t\t\t\t<h2 class=\"elementor-heading-title elementor-size-default\">Bienvenue \u00e0 Europa-Peptide<\/h2>\t\t\t\t<\/div>\n\t\t\t\t<div class=\"elementor-element elementor-element-8bdcdbf elementor-widget elementor-widget-heading\" data-id=\"8bdcdbf\" data-element_type=\"widget\" data-e-type=\"widget\" data-widget_type=\"heading.default\">\n\t\t\t\t\t<h2 class=\"elementor-heading-title elementor-size-default\">votre partenaire de confiance pour les peptides de qualit\u00e9 sup\u00e9rieure. Notre mission est de fournir des produits qui combinent une puret\u00e9, une pr\u00e9cision et une fiabilit\u00e9 exceptionnelles afin de r\u00e9pondre aux normes scientifiques les plus \u00e9lev\u00e9es.\nChez Europa-Peptide, nous pensons que la qualit\u00e9 commence \u00e0 la source. C'est pourquoi tous nos peptides sont fabriqu\u00e9s dans des laboratoires europ\u00e9ens certifi\u00e9s et agr\u00e9\u00e9s qui utilisent une technologie de pointe et des proc\u00e9dures strictes de contr\u00f4le de la qualit\u00e9. Chaque lot est soumis \u00e0 des tests complets dans des laboratoires tiers ind\u00e9pendants afin de v\u00e9rifier la puret\u00e9, l'identit\u00e9 et la coh\u00e9rence - garantissant que chaque produit r\u00e9pond \u00e0 nos normes intransigeantes.\nAvec des livraisons rapides et s\u00e9curis\u00e9es \u00e0 travers l'Europe, une communication transparente et un support client d\u00e9di\u00e9, nous nous engageons \u00e0 fournir une exp\u00e9rience transparente et digne de confiance. Europa-Peptide est synonyme d'int\u00e9grit\u00e9, de pr\u00e9cision et de qualit\u00e9 europ\u00e9enne sur laquelle vous pouvez compter - \u00e0 chaque fois.<\/h2>\t\t\t\t<\/div>\n\t\t\t\t\t<\/div>\n\t\t<\/div>\n\t\t\t\t\t<\/div>\n\t\t<\/section>\n\t\t\t\t<section data-particle_enable=\"false\" data-particle-mobile-disabled=\"false\" class=\"elementor-section elementor-top-section elementor-element elementor-element-7dd6950 elementor-section-boxed elementor-section-height-default elementor-section-height-default wpr-particle-no wpr-jarallax-no wpr-parallax-no wpr-sticky-section-no\" data-id=\"7dd6950\" data-element_type=\"section\" data-e-type=\"section\" data-settings=\"{&quot;background_background&quot;:&quot;classic&quot;,&quot;shape_divider_top&quot;:&quot;triangle&quot;,&quot;shape_divider_top_negative&quot;:&quot;yes&quot;,&quot;shape_divider_bottom&quot;:&quot;triangle&quot;,&quot;shape_divider_bottom_negative&quot;:&quot;yes&quot;}\">\n\t\t\t\t\t\t\t<div class=\"elementor-background-overlay\"><\/div>\n\t\t\t\t\t\t<div class=\"elementor-shape elementor-shape-top\" aria-hidden=\"true\" data-negative=\"true\">\n\t\t\t<svg xmlns=\"http:\/\/www.w3.org\/2000\/svg\" viewbox=\"0 0 1000 100\" preserveaspectratio=\"none\">\n\t<path class=\"elementor-shape-fill\" d=\"M500.2,94.7L0,0v100h1000V0L500.2,94.7z\"\/>\n<\/svg>\t\t<\/div>\n\t\t\t\t<div class=\"elementor-shape elementor-shape-bottom\" aria-hidden=\"true\" data-negative=\"true\">\n\t\t\t<svg xmlns=\"http:\/\/www.w3.org\/2000\/svg\" viewbox=\"0 0 1000 100\" preserveaspectratio=\"none\">\n\t<path class=\"elementor-shape-fill\" d=\"M500.2,94.7L0,0v100h1000V0L500.2,94.7z\"\/>\n<\/svg>\t\t<\/div>\n\t\t\t\t\t<div class=\"elementor-container elementor-column-gap-default\">\n\t\t\t\t\t<div class=\"elementor-column elementor-col-100 elementor-top-column elementor-element elementor-element-7ae0e20 animated-fast elementor-invisible\" data-id=\"7ae0e20\" data-element_type=\"column\" data-e-type=\"column\" data-settings=\"{&quot;animation&quot;:&quot;fadeInUp&quot;}\">\n\t\t\t<div class=\"elementor-widget-wrap elementor-element-populated\">\n\t\t\t\t\t\t<div class=\"elementor-element elementor-element-9848827 elementor-widget elementor-widget-heading\" data-id=\"9848827\" data-element_type=\"widget\" data-e-type=\"widget\" data-widget_type=\"heading.default\">\n\t\t\t\t\t<h2 class=\"elementor-heading-title elementor-size-default\">NOTRE MISSION<\/h2>\t\t\t\t<\/div>\n\t\t\t\t<div class=\"elementor-element elementor-element-d131017 elementor-widget elementor-widget-heading\" data-id=\"d131017\" data-element_type=\"widget\" data-e-type=\"widget\" data-widget_type=\"heading.default\">\n\t\t\t\t\t<h2 class=\"elementor-heading-title elementor-size-default\">Notre mission est de red\u00e9finir la qualit\u00e9 et la confiance dans l'industrie des peptides. Nous nous engageons \u00e0 fournir des compos\u00e9s scientifiquement v\u00e9rifi\u00e9s et test\u00e9s en laboratoire, produits exclusivement dans des installations europ\u00e9ennes certifi\u00e9es. En combinant innovation, pr\u00e9cision et transparence, nous veillons \u00e0 ce que chaque produit r\u00e9ponde aux normes les plus strictes en mati\u00e8re de puret\u00e9 et de coh\u00e9rence.\nNotre engagement va au-del\u00e0 de la qualit\u00e9 - nous nous effor\u00e7ons de garantir la fiabilit\u00e9, l'int\u00e9grit\u00e9 et l'excellence dans tout ce que nous faisons. De la fabrication \u00e0 l'assistance \u00e0 la client\u00e8le, notre objectif est de cr\u00e9er une exp\u00e9rience transparente fond\u00e9e sur le professionnalisme et la confiance. Europa-Peptide est synonyme de pr\u00e9cision europ\u00e9enne et de qualit\u00e9 in\u00e9gal\u00e9e - de nos laboratoires \u00e0 vos mains.<\/h2>\t\t\t\t<\/div>\n\t\t\t\t\t<\/div>\n\t\t<\/div>\n\t\t\t\t\t<\/div>\n\t\t<\/section>\n\t\t\t\t<section data-particle_enable=\"false\" data-particle-mobile-disabled=\"false\" class=\"elementor-section elementor-top-section elementor-element elementor-element-3481080 elementor-section-full_width elementor-section-height-default elementor-section-height-default wpr-particle-no wpr-jarallax-no wpr-parallax-no wpr-sticky-section-no\" data-id=\"3481080\" data-element_type=\"section\" data-e-type=\"section\">\n\t\t\t\t\t\t<div class=\"elementor-container elementor-column-gap-default\">\n\t\t\t\t\t<div class=\"elementor-column elementor-col-50 elementor-top-column elementor-element elementor-element-85d6e03 animated-fast elementor-invisible\" data-id=\"85d6e03\" data-element_type=\"column\" data-e-type=\"column\" data-settings=\"{&quot;animation&quot;:&quot;fadeInLeft&quot;}\">\n\t\t\t<div class=\"elementor-widget-wrap elementor-element-populated\">\n\t\t\t\t\t\t<div class=\"elementor-element elementor-element-d60ed74 elementor-widget elementor-widget-heading\" data-id=\"d60ed74\" data-element_type=\"widget\" data-e-type=\"widget\" data-widget_type=\"heading.default\">\n\t\t\t\t\t<h2 class=\"elementor-heading-title elementor-size-default\">Diff\u00e9rence<\/h2>\t\t\t\t<\/div>\n\t\t\t\t<div class=\"elementor-element elementor-element-37c9f8c elementor-widget elementor-widget-heading\" data-id=\"37c9f8c\" data-element_type=\"widget\" data-e-type=\"widget\" data-widget_type=\"heading.default\">\n\t\t\t\t\t<h2 class=\"elementor-heading-title elementor-size-default\">Puret\u00e9 v\u00e9rifi\u00e9e, confiance prouv\u00e9e<\/h2>\t\t\t\t<\/div>\n\t\t\t\t<div class=\"elementor-element elementor-element-a443048 elementor-widget elementor-widget-heading\" data-id=\"a443048\" data-element_type=\"widget\" data-e-type=\"widget\" data-widget_type=\"heading.default\">\n\t\t\t\t\t<h2 class=\"elementor-heading-title elementor-size-default translation-block\">Chez Europa-Peptide, la qualit\u00e9 est plus qu'une promesse - c'est le fondement de tout ce que nous faisons. Chaque produit est fabriqu\u00e9 selon des normes europ\u00e9ennes certifi\u00e9es et passe par plusieurs \u00e9tapes de contr\u00f4le de la qualit\u00e9 afin de garantir une puret\u00e9, une pr\u00e9cision et une coh\u00e9rence exceptionnelles.\r\nCe qui nous distingue vraiment des autres, c'est notre transparence totale, notre production europ\u00e9enne authentique et notre engagement \u00e0 obtenir des r\u00e9sultats v\u00e9rifiables. &lt;Alors que beaucoup s&#039;appuient sur des sources non \u00e9prouv\u00e9es ou des fournisseurs externalis\u00e9s, nous exer\u00e7ons une surveillance totale, de la formulation \u00e0 l&#039;emballage final. Nos processus sont con\u00e7us pour garantir que chaque flacon d\u00e9livre exactement ce qu&#039;il pr\u00e9tend.\r\nLes clients choisissent Europa-Peptide parce qu&#039;ils appr\u00e9cient la fiabilit\u00e9, la pr\u00e9cision et l&#039;int\u00e9grit\u00e9. Nous ne l\u00e9sinons pas sur les moyens - nous \u00e9tablissons la norme. C&#039;est pourquoi notre nom est synonyme de puret\u00e9 v\u00e9rifi\u00e9e et de confiance prouv\u00e9e - des qualit\u00e9s qui d\u00e9finissent tout ce que nous produisons.<\/h2>\t\t\t\t<\/div>\n\t\t\t\t\t<\/div>\n\t\t<\/div>\n\t\t\t\t<div class=\"elementor-column elementor-col-50 elementor-top-column elementor-element elementor-element-6978345 animated-fast elementor-invisible\" data-id=\"6978345\" data-element_type=\"column\" data-e-type=\"column\" data-settings=\"{&quot;animation&quot;:&quot;fadeInRight&quot;}\">\n\t\t\t<div class=\"elementor-widget-wrap elementor-element-populated\">\n\t\t\t\t\t\t<div class=\"elementor-element elementor-element-f534d75 elementor-widget elementor-widget-image\" data-id=\"f534d75\" data-element_type=\"widget\" data-e-type=\"widget\" data-widget_type=\"image.default\">\n\t\t\t\t\t\t\t\t\t\t\t\t\t\t\t<img decoding=\"async\" width=\"1024\" height=\"1024\" src=\"https:\/\/europa-peptide.com\/wp-content\/uploads\/2025\/10\/Unknown1.png\" class=\"attachment-large size-large wp-image-643\" alt=\"\" srcset=\"https:\/\/europa-peptide.com\/wp-content\/uploads\/2025\/10\/Unknown1.png 1024w, https:\/\/europa-peptide.com\/wp-content\/uploads\/2025\/10\/Unknown1-300x300.png 300w, https:\/\/europa-peptide.com\/wp-content\/uploads\/2025\/10\/Unknown1-150x150.png 150w, https:\/\/europa-peptide.com\/wp-content\/uploads\/2025\/10\/Unknown1-768x768.png 768w, https:\/\/europa-peptide.com\/wp-content\/uploads\/2025\/10\/Unknown1-12x12.png 12w, https:\/\/europa-peptide.com\/wp-content\/uploads\/2025\/10\/Unknown1-600x600.png 600w, https:\/\/europa-peptide.com\/wp-content\/uploads\/2025\/10\/Unknown1-100x100.png 100w\" sizes=\"(max-width: 1024px) 100vw, 1024px\" \/>\t\t\t\t\t\t\t\t\t\t\t\t\t\t\t<\/div>\n\t\t\t\t\t<\/div>\n\t\t<\/div>\n\t\t\t\t\t<\/div>\n\t\t<\/section>\n\t\t\t\t<\/div>","protected":false},"excerpt":{"rendered":"<p>\u00c0 PROPOS DE NOUS Accueil \u00c0 PROPOS DE NOUS Bienvenue chez Europa-Peptide, votre partenaire de confiance pour les peptides de qualit\u00e9 sup\u00e9rieure. Notre mission est de fournir des produits qui combinent une puret\u00e9, une pr\u00e9cision et une fiabilit\u00e9 exceptionnelles afin de r\u00e9pondre aux normes scientifiques les plus \u00e9lev\u00e9es. Chez Europa-Peptide, nous pensons que la qualit\u00e9 commence \u00e0 la source. C'est pourquoi tous nos peptides sont fabriqu\u00e9s dans des laboratoires europ\u00e9ens certifi\u00e9s et agr\u00e9\u00e9s qui utilisent une technologie de pointe et des proc\u00e9dures strictes de contr\u00f4le de la qualit\u00e9. Chaque lot est soumis \u00e0 des tests complets dans des laboratoires tiers ind\u00e9pendants afin de v\u00e9rifier la puret\u00e9, l'identit\u00e9 et la coh\u00e9rence - garantissant que chaque produit r\u00e9pond \u00e0 nos normes intransigeantes. Avec des livraisons rapides et s\u00e9curis\u00e9es \u00e0 travers l'Europe, une communication transparente et un support client d\u00e9di\u00e9, nous nous engageons \u00e0 fournir une exp\u00e9rience transparente et digne de confiance. Europa-Peptide est synonyme d'int\u00e9grit\u00e9, de pr\u00e9cision et de qualit\u00e9 europ\u00e9enne sur laquelle vous pouvez compter - \u00e0 chaque fois. NOTRE MISSION Notre mission est de red\u00e9finir la qualit\u00e9 et la confiance dans l'industrie des peptides. Nous nous engageons \u00e0 fournir des compos\u00e9s scientifiquement v\u00e9rifi\u00e9s et test\u00e9s en laboratoire, produits exclusivement dans des installations europ\u00e9ennes certifi\u00e9es. En combinant innovation, pr\u00e9cision et transparence, nous veillons \u00e0 ce que chaque produit r\u00e9ponde aux normes les plus strictes en mati\u00e8re de puret\u00e9 et de coh\u00e9rence. Notre engagement va au-del\u00e0 de la qualit\u00e9 - nous nous effor\u00e7ons de garantir la fiabilit\u00e9, l'int\u00e9grit\u00e9 et l'excellence dans tout ce que nous faisons. De la fabrication \u00e0 l'assistance \u00e0 la client\u00e8le, notre objectif est de cr\u00e9er une exp\u00e9rience transparente fond\u00e9e sur le professionnalisme et la confiance. Europa-Peptide est synonyme de pr\u00e9cision europ\u00e9enne et de qualit\u00e9 in\u00e9gal\u00e9e - de nos laboratoires \u00e0 vos mains. Diff\u00e9rence Puret\u00e9 v\u00e9rifi\u00e9e, confiance prouv\u00e9e Chez Europa-Peptide, la qualit\u00e9 est plus qu'une promesse - c'est le fondement de tout ce que nous faisons. Chaque produit est fabriqu\u00e9 selon des normes europ\u00e9ennes certifi\u00e9es et passe par de multiples \u00e9tapes de contr\u00f4le qualit\u00e9 pour garantir une puret\u00e9, une pr\u00e9cision et une coh\u00e9rence exceptionnelles. Ce qui nous distingue vraiment des autres, c'est notre transparence totale, notre production europ\u00e9enne authentique et notre engagement \u00e0 obtenir des r\u00e9sultats v\u00e9rifiables. Alors que beaucoup s'appuient sur des sources non \u00e9prouv\u00e9es ou des fournisseurs externalis\u00e9s, nous assurons une surveillance totale, de la formulation \u00e0 l'emballage final. Nos processus sont con\u00e7us pour garantir que chaque flacon d\u00e9livre exactement ce qu'il pr\u00e9tend. Les clients choisissent Europa-Peptide parce qu'ils appr\u00e9cient la fiabilit\u00e9, la pr\u00e9cision et l'int\u00e9grit\u00e9. Nous ne l\u00e9sinons pas sur les moyens - nous \u00e9tablissons la norme. C'est pourquoi notre nom est synonyme de puret\u00e9 v\u00e9rifi\u00e9e et de confiance \u00e9prouv\u00e9e - des qualit\u00e9s qui d\u00e9finissent tout ce que nous produisons.<\/p>","protected":false},"author":1,"featured_media":0,"parent":0,"menu_order":0,"comment_status":"closed","ping_status":"closed","template":"elementor_header_footer","meta":{"_acf_changed":false,"footnotes":""},"class_list":["post-83","page","type-page","status-publish","hentry","entry"],"acf":[],"aioseo_notices":[],"jetpack_sharing_enabled":true,"_links":{"self":[{"href":"https:\/\/europa-peptide.com\/fr\/wp-json\/wp\/v2\/pages\/83","targetHints":{"allow":["GET"]}}],"collection":[{"href":"https:\/\/europa-peptide.com\/fr\/wp-json\/wp\/v2\/pages"}],"about":[{"href":"https:\/\/europa-peptide.com\/fr\/wp-json\/wp\/v2\/types\/page"}],"author":[{"embeddable":true,"href":"https:\/\/europa-peptide.com\/fr\/wp-json\/wp\/v2\/users\/1"}],"replies":[{"embeddable":true,"href":"https:\/\/europa-peptide.com\/fr\/wp-json\/wp\/v2\/comments?post=83"}],"version-history":[{"count":61,"href":"https:\/\/europa-peptide.com\/fr\/wp-json\/wp\/v2\/pages\/83\/revisions"}],"predecessor-version":[{"id":19240,"href":"https:\/\/europa-peptide.com\/fr\/wp-json\/wp\/v2\/pages\/83\/revisions\/19240"}],"wp:attachment":[{"href":"https:\/\/europa-peptide.com\/fr\/wp-json\/wp\/v2\/media?parent=83"}],"curies":[{"name":"wp","href":"https:\/\/api.w.org\/{rel}","templated":true}]}}