{"id":195,"date":"2025-10-14T15:10:13","date_gmt":"2025-10-14T15:10:13","guid":{"rendered":"https:\/\/europa-peptide.com\/?page_id=195"},"modified":"2025-11-08T22:57:59","modified_gmt":"2025-11-08T21:57:59","slug":"aterbetalning-retur","status":"publish","type":"page","link":"https:\/\/europa-peptide.com\/sv\/refund-return\/","title":{"rendered":"\u00c5terbetalning &amp; retur"},"content":{"rendered":"<div data-elementor-type=\"wp-page\" data-elementor-id=\"195\" class=\"elementor elementor-195\" data-elementor-post-type=\"page\">\n\t\t\t\t\t\t<section data-particle_enable=\"false\" data-particle-mobile-disabled=\"false\" class=\"elementor-section elementor-top-section elementor-element elementor-element-2a4fd57 elementor-section-full_width elementor-section-height-default elementor-section-height-default wpr-particle-no wpr-jarallax-no wpr-parallax-no wpr-sticky-section-no\" data-id=\"2a4fd57\" data-element_type=\"section\" data-e-type=\"section\" data-settings=\"{&quot;background_background&quot;:&quot;classic&quot;,&quot;shape_divider_bottom&quot;:&quot;triangle&quot;,&quot;shape_divider_bottom_negative&quot;:&quot;yes&quot;}\">\n\t\t\t\t\t\t\t<div class=\"elementor-background-overlay\"><\/div>\n\t\t\t\t\t\t<div class=\"elementor-shape elementor-shape-bottom\" aria-hidden=\"true\" data-negative=\"true\">\n\t\t\t<svg xmlns=\"http:\/\/www.w3.org\/2000\/svg\" viewbox=\"0 0 1000 100\" preserveaspectratio=\"none\">\n\t<path class=\"elementor-shape-fill\" d=\"M500.2,94.7L0,0v100h1000V0L500.2,94.7z\"\/>\n<\/svg>\t\t<\/div>\n\t\t\t\t\t<div class=\"elementor-container elementor-column-gap-default\">\n\t\t\t\t\t<div class=\"elementor-column elementor-col-100 elementor-top-column elementor-element elementor-element-e87898c animated-fast elementor-invisible\" data-id=\"e87898c\" data-element_type=\"column\" data-e-type=\"column\" data-settings=\"{&quot;animation&quot;:&quot;fadeInUp&quot;}\">\n\t\t\t<div class=\"elementor-widget-wrap elementor-element-populated\">\n\t\t\t\t\t\t<div class=\"elementor-element elementor-element-5a6d00a elementor-widget elementor-widget-heading\" data-id=\"5a6d00a\" data-element_type=\"widget\" data-e-type=\"widget\" data-widget_type=\"heading.default\">\n\t\t\t\t\t<h2 class=\"elementor-heading-title elementor-size-default\">\u00c5terbetalning &amp; retur<\/h2>\t\t\t\t<\/div>\n\t\t\t\t<div class=\"elementor-element elementor-element-a3f00b4 elementor-widget elementor-widget-hfe-breadcrumbs-widget\" data-id=\"a3f00b4\" data-element_type=\"widget\" data-e-type=\"widget\" data-widget_type=\"hfe-breadcrumbs-widget.default\">\n\t\t\t\t<div class=\"elementor-widget-container\">\n\t\t\t\t\t<nav aria-label=\"Br\u00f6dsmula\"><ul class=\"hfe-breadcrumbs hfe-breadcrumbs-show-home\"><li class=\"hfe-breadcrumbs-item hfe-breadcrumbs-first\"><span class=\"hfe-breadcrumbs-home-icon\"><\/span><a href=\"https:\/\/europa-peptide.com\/sv\"><span class=\"hfe-breadcrumbs-text\">Hem<\/span><\/a><\/li><\/ul><\/nav>\t\t\t\t<\/div>\n\t\t\t\t<\/div>\n\t\t\t\t\t<\/div>\n\t\t<\/div>\n\t\t\t\t\t<\/div>\n\t\t<\/section>\n\t\t\t\t<section data-particle_enable=\"false\" data-particle-mobile-disabled=\"false\" class=\"elementor-section elementor-top-section elementor-element elementor-element-1d749db elementor-section-full_width animated-fast elementor-section-height-default elementor-section-height-default wpr-particle-no wpr-jarallax-no wpr-parallax-no wpr-sticky-section-no elementor-invisible\" data-id=\"1d749db\" data-element_type=\"section\" data-e-type=\"section\" data-settings=\"{&quot;animation&quot;:&quot;fadeInUp&quot;}\">\n\t\t\t\t\t\t<div class=\"elementor-container elementor-column-gap-default\">\n\t\t\t\t\t<div class=\"elementor-column elementor-col-100 elementor-top-column elementor-element elementor-element-cf4667e\" data-id=\"cf4667e\" data-element_type=\"column\" data-e-type=\"column\">\n\t\t\t<div class=\"elementor-widget-wrap elementor-element-populated\">\n\t\t\t\t\t\t<div class=\"elementor-element elementor-element-2b913b2 elementor-widget elementor-widget-heading\" data-id=\"2b913b2\" data-element_type=\"widget\" data-e-type=\"widget\" data-widget_type=\"heading.default\">\n\t\t\t\t\t<h2 class=\"elementor-heading-title elementor-size-default\">Policy f\u00f6r \u00e5terbetalning och retur - Europa-Peptide<\/h2>\t\t\t\t<\/div>\n\t\t\t\t<div class=\"elementor-element elementor-element-838b953 elementor-widget elementor-widget-text-editor\" data-id=\"838b953\" data-element_type=\"widget\" data-e-type=\"widget\" data-widget_type=\"text-editor.default\">\n\t\t\t\t\t\t\t\t\t<p class=\"translation-block\">P\u00e5 grund av den <strong data-start=\"6496\" data-end=\"6531\">k\u00e4nsliga och f\u00f6rg\u00e4ngliga karakt\u00e4ren<\/strong> hos v\u00e5ra produkter (forskningspeptider och laboratoriematerial) \u00e4r <strong data-start=\"6594\" data-end=\"6646\">returer och byten absolut inte till\u00e5tna<\/strong> n\u00e4r en order har skickats.<\/p>\t\t\t\t\t\t\t\t<\/div>\n\t\t\t\t<div class=\"elementor-element elementor-element-7ebf72b elementor-widget elementor-widget-heading\" data-id=\"7ebf72b\" data-element_type=\"widget\" data-e-type=\"widget\" data-widget_type=\"heading.default\">\n\t\t\t\t\t<h2 class=\"elementor-heading-title elementor-size-default\">Ingen avbest\u00e4llning efter leverans<\/h2>\t\t\t\t<\/div>\n\t\t\t\t<div class=\"elementor-element elementor-element-7a8faf3 elementor-widget elementor-widget-text-editor\" data-id=\"7a8faf3\" data-element_type=\"widget\" data-e-type=\"widget\" data-widget_type=\"text-editor.default\">\n\t\t\t\t\t\t\t\t\t<p class=\"translation-block\">N\u00e4r ditt paket har behandlats och \u00f6verl\u00e4mnats till transport\u00f6ren kan det <strong data-start=\"6796\" data-end=\"6840\">inte avbest\u00e4llas, \u00e4ndras eller returneras<\/strong>.<\/p>\t\t\t\t\t\t\t\t<\/div>\n\t\t\t\t<div class=\"elementor-element elementor-element-a8b7b9e elementor-widget elementor-widget-heading\" data-id=\"a8b7b9e\" data-element_type=\"widget\" data-e-type=\"widget\" data-widget_type=\"heading.default\">\n\t\t\t\t\t<h2 class=\"elementor-heading-title elementor-size-default\">\u00c5terbetalning<\/h2>\t\t\t\t<\/div>\n\t\t\t\t<div class=\"elementor-element elementor-element-0e13202 elementor-widget elementor-widget-text-editor\" data-id=\"0e13202\" data-element_type=\"widget\" data-e-type=\"widget\" data-widget_type=\"text-editor.default\">\n\t\t\t\t\t\t\t\t\t<p data-start=\"6861\" data-end=\"7026\" class=\"translation-block\">\u00c5terbetalning sker endast i s\u00e4rskilda fall i enlighet med v\u00e5r <strong data-start=\"6920\" data-end=\"6941\">Reshipment Policy<\/strong> - till exempel om en f\u00f6rs\u00e4ndelse bekr\u00e4ftas f\u00f6rlorad, beslagtagen eller skadad under transport.<\/p><p data-start=\"7028\" data-end=\"7075\">Om kunden \u00e4r ber\u00e4ttigad till detta kan han v\u00e4lja mellan:<\/p><ul data-start=\"7076\" data-end=\"7164\"><li data-start=\"7076\" data-end=\"7110\"><p data-start=\"7078\" data-end=\"7110\" class=\"translation-block\"><strong data-start=\"7078\" data-end=\"7104\">En ers\u00e4ttningsleverans<\/strong>, eller<\/p><\/li><li data-start=\"7111\" data-end=\"7164\"><p data-start=\"7113\" data-end=\"7164\" class=\"translation-block\"><strong data-start=\"4436\" data-end=\"4452\">Butikskredit<\/strong> motsvarande produktens fulla v\u00e4rde.<\/p><\/li><\/ul><p data-start=\"7166\" data-end=\"7196\">\u00c5terbetalning beviljas inte f\u00f6r:<\/p><ul data-start=\"7197\" data-end=\"7374\"><li data-start=\"7197\" data-end=\"7244\"><p data-start=\"7199\" data-end=\"7244\">Felaktig eller ofullst\u00e4ndig adressinformation<\/p><\/li><li data-start=\"7197\" data-end=\"7244\">Angivelse av en post- eller paketbutik eller en paketstation<br \/><br \/><\/li><li data-start=\"7245\" data-end=\"7275\"><p data-start=\"7247\" data-end=\"7275\">V\u00e4gran att ta emot leverans<\/p><\/li><li data-start=\"7276\" data-end=\"7323\"><p data-start=\"7278\" data-end=\"7323\">Otill\u00e5tna returer utan f\u00f6reg\u00e5ende godk\u00e4nnande<\/p><\/li><li data-start=\"7324\" data-end=\"7374\"><p data-start=\"7326\" data-end=\"7374\">\u00d6vertr\u00e4delser av kraven i v\u00e5r leveranspolicy<\/p><\/li><\/ul>\t\t\t\t\t\t\t\t<\/div>\n\t\t\t\t<div class=\"elementor-element elementor-element-82306c9 elementor-widget elementor-widget-heading\" data-id=\"82306c9\" data-element_type=\"widget\" data-e-type=\"widget\" data-widget_type=\"heading.default\">\n\t\t\t\t\t<h2 class=\"elementor-heading-title elementor-size-default\">Skadade eller saknade produkter<\/h2>\t\t\t\t<\/div>\n\t\t\t\t<div class=\"elementor-element elementor-element-e7323bb elementor-widget elementor-widget-text-editor\" data-id=\"e7323bb\" data-element_type=\"widget\" data-e-type=\"widget\" data-widget_type=\"text-editor.default\">\n\t\t\t\t\t\t\t\t\t<p data-start=\"6861\" data-end=\"7026\" class=\"translation-block\">Reklamationer m\u00e5ste inneh\u00e5lla dokumenterade bevis (t.ex. en unboxing-video eller tydliga foton).<br data-start=\"7493\" data-end=\"7496\">Om de godk\u00e4nns kommer Europa-Peptide antingen att utf\u00e4rda en <strong data-start=\"7544\" data-end=\"7559\">ers\u00e4ttning<\/strong> eller <strong data-start=\"7563\" data-end=\"7579\">butikskredit<\/strong> f\u00f6r de ber\u00f6rda artiklarna.<\/p>\t\t\t\t\t\t\t\t<\/div>\n\t\t\t\t<div class=\"elementor-element elementor-element-9e5d674 elementor-widget elementor-widget-heading\" data-id=\"9e5d674\" data-element_type=\"widget\" data-e-type=\"widget\" data-widget_type=\"heading.default\">\n\t\t\t\t\t<h2 class=\"elementor-heading-title elementor-size-default\">\u00c5terkrav<\/h2>\t\t\t\t<\/div>\n\t\t\t\t<div class=\"elementor-element elementor-element-3b025bf elementor-widget elementor-widget-text-editor\" data-id=\"3b025bf\" data-element_type=\"widget\" data-e-type=\"widget\" data-widget_type=\"text-editor.default\">\n\t\t\t\t\t\t\t\t\t<p data-start=\"6861\" data-end=\"7026\">Obeh\u00f6riga \u00e5terbetalningar utan f\u00f6reg\u00e5ende meddelande kan leda till att kontot st\u00e4ngs av och kan bestridas av Europa-Peptide mot uppvisande av leveransbevis.<\/p>\t\t\t\t\t\t\t\t<\/div>\n\t\t\t\t<div class=\"elementor-element elementor-element-ab9ff3b elementor-widget elementor-widget-heading\" data-id=\"ab9ff3b\" data-element_type=\"widget\" data-e-type=\"widget\" data-widget_type=\"heading.default\">\n\t\t\t\t\t<h2 class=\"elementor-heading-title elementor-size-default\">Kontakt f\u00f6r fr\u00e5gor om \u00e5terbetalning och retur<\/h2>\t\t\t\t<\/div>\n\t\t\t\t<div class=\"elementor-element elementor-element-4acf8d5 elementor-widget elementor-widget-text-editor\" data-id=\"4acf8d5\" data-element_type=\"widget\" data-e-type=\"widget\" data-widget_type=\"text-editor.default\">\n\t\t\t\t\t\t\t\t\t<div id=\"fws_68ee679a45a97\" class=\"wpb_row vc_row-fluid vc_row full-width-section top_padding_tablet_50px top_padding_phone_40px bottom_padding_tablet_50px bottom_padding_phone_40px\" data-column-margin=\"default\" data-midnight=\"dark\" data-top-percent=\"5%\" data-bottom-percent=\"5%\"><div class=\"row_col_wrap_12 col span_12 dark left\"><div class=\"vc_col-sm-12 wpb_column column_container vc_column_container col no-extra-padding inherit_tablet inherit_phone\" data-padding-pos=\"all\" data-has-bg-color=\"false\" data-bg-color=\"\" data-bg-opacity=\"1\" data-animation=\"\" data-delay=\"0\"><div class=\"vc_column-inner\"><div class=\"wpb_wrapper\"><div id=\"fws_68ee679a45d9c\" class=\"wpb_row vc_row-fluid vc_row inner_row\" data-midnight=\"\" data-column-margin=\"default\"><div class=\"row_col_wrap_12_inner col span_12 left\"><div class=\"vc_col-sm-12 wpb_column column_container vc_column_container col child_column has-animation no-extra-padding inherit_tablet inherit_phone triggered-animation animated-in\" data-padding-pos=\"all\" data-has-bg-color=\"false\" data-bg-color=\"\" data-bg-opacity=\"1\" data-animation=\"fade-in-from-left\" data-delay=\"0\"><div class=\"vc_column-inner\"><div class=\"wpb_wrapper\"><div class=\"wpb_text_column wpb_content_element\"><div class=\"wpb_wrapper\"><p><strong data-start=\"7851\" data-end=\"7861\">E-post:<\/strong> <a class=\"decorated-link cursor-pointer\" rel=\"noopener\" data-start=\"7862\" data-end=\"7919\">info@europa-peptide.com<\/a><\/p><\/div><\/div><\/div><\/div><\/div><\/div><\/div><\/div><\/div><\/div><\/div><\/div>\t\t\t\t\t\t\t\t<\/div>\n\t\t\t\t\t<\/div>\n\t\t<\/div>\n\t\t\t\t\t<\/div>\n\t\t<\/section>\n\t\t\t\t<\/div>","protected":false},"excerpt":{"rendered":"<p>Refund &amp; return Home Refund &amp; Return Policy \u2013 Europa-Peptide Due to the sensitive and perishable nature of our products (research peptides and laboratory materials), returns and exchanges are strictly not permitted once an order has been shipped. No Cancellations After Shipment Once your package has been processed and handed over to the carrier, it cannot be canceled, altered, or returned. Refunds Refunds are only issued in specific cases according to our Reshipment Policy \u2014 for example, if a shipment is confirmed lost, seized, or damaged during transit. If eligible, the customer may choose between: A replacement shipment, or Store credit equal to the full product value. Refunds are not granted for: Incorrect or incomplete address information Indication of a post or parcel shop, or a parcel station Refusal to accept delivery Unauthorized returns without prior approval Violations of our Shipping Policy requirements Damaged or Missing Products Claims must include documented proof (such as an unboxing video or clear photos).If approved, Europa-Peptide will either issue a replacement or store credit for the affected items. Chargebacks Unauthorized chargebacks without prior communication may result in suspension of account privileges and may be disputed by Europa-Peptide with evidence of delivery. Contact for Refund &amp; Return Inquiries Email: info@europa-peptide.com<\/p>","protected":false},"author":1,"featured_media":0,"parent":0,"menu_order":0,"comment_status":"closed","ping_status":"closed","template":"elementor_header_footer","meta":{"_acf_changed":false,"footnotes":""},"class_list":["post-195","page","type-page","status-publish","hentry","entry"],"acf":[],"aioseo_notices":[],"jetpack_sharing_enabled":true,"_links":{"self":[{"href":"https:\/\/europa-peptide.com\/sv\/wp-json\/wp\/v2\/pages\/195","targetHints":{"allow":["GET"]}}],"collection":[{"href":"https:\/\/europa-peptide.com\/sv\/wp-json\/wp\/v2\/pages"}],"about":[{"href":"https:\/\/europa-peptide.com\/sv\/wp-json\/wp\/v2\/types\/page"}],"author":[{"embeddable":true,"href":"https:\/\/europa-peptide.com\/sv\/wp-json\/wp\/v2\/users\/1"}],"replies":[{"embeddable":true,"href":"https:\/\/europa-peptide.com\/sv\/wp-json\/wp\/v2\/comments?post=195"}],"version-history":[{"count":28,"href":"https:\/\/europa-peptide.com\/sv\/wp-json\/wp\/v2\/pages\/195\/revisions"}],"predecessor-version":[{"id":21111,"href":"https:\/\/europa-peptide.com\/sv\/wp-json\/wp\/v2\/pages\/195\/revisions\/21111"}],"wp:attachment":[{"href":"https:\/\/europa-peptide.com\/sv\/wp-json\/wp\/v2\/media?parent=195"}],"curies":[{"name":"wp","href":"https:\/\/api.w.org\/{rel}","templated":true}]}}