{"id":83,"date":"2025-10-14T13:26:48","date_gmt":"2025-10-14T13:26:48","guid":{"rendered":"https:\/\/europa-peptide.com\/?page_id=83"},"modified":"2025-10-19T22:34:02","modified_gmt":"2025-10-19T20:34:02","slug":"om-oss","status":"publish","type":"page","link":"https:\/\/europa-peptide.com\/sv\/about-us\/","title":{"rendered":"Om oss"},"content":{"rendered":"<div data-elementor-type=\"wp-page\" data-elementor-id=\"83\" class=\"elementor elementor-83\" data-elementor-post-type=\"page\">\n\t\t\t\t\t\t<section data-particle_enable=\"false\" data-particle-mobile-disabled=\"false\" class=\"elementor-section elementor-top-section elementor-element elementor-element-2a4fd57 elementor-section-full_width elementor-section-height-default elementor-section-height-default wpr-particle-no wpr-jarallax-no wpr-parallax-no wpr-sticky-section-no\" data-id=\"2a4fd57\" data-element_type=\"section\" data-e-type=\"section\" data-settings=\"{&quot;background_background&quot;:&quot;classic&quot;,&quot;shape_divider_bottom&quot;:&quot;triangle&quot;,&quot;shape_divider_bottom_negative&quot;:&quot;yes&quot;}\">\n\t\t\t\t\t\t\t<div class=\"elementor-background-overlay\"><\/div>\n\t\t\t\t\t\t<div class=\"elementor-shape elementor-shape-bottom\" aria-hidden=\"true\" data-negative=\"true\">\n\t\t\t<svg xmlns=\"http:\/\/www.w3.org\/2000\/svg\" viewbox=\"0 0 1000 100\" preserveaspectratio=\"none\">\n\t<path class=\"elementor-shape-fill\" d=\"M500.2,94.7L0,0v100h1000V0L500.2,94.7z\"\/>\n<\/svg>\t\t<\/div>\n\t\t\t\t\t<div class=\"elementor-container elementor-column-gap-default\">\n\t\t\t\t\t<div class=\"elementor-column elementor-col-100 elementor-top-column elementor-element elementor-element-e87898c animated-fast elementor-invisible\" data-id=\"e87898c\" data-element_type=\"column\" data-e-type=\"column\" data-settings=\"{&quot;animation&quot;:&quot;fadeInUp&quot;}\">\n\t\t\t<div class=\"elementor-widget-wrap elementor-element-populated\">\n\t\t\t\t\t\t<div class=\"elementor-element elementor-element-5a6d00a elementor-widget elementor-widget-heading\" data-id=\"5a6d00a\" data-element_type=\"widget\" data-e-type=\"widget\" data-widget_type=\"heading.default\">\n\t\t\t\t\t<h2 class=\"elementor-heading-title elementor-size-default\">OM OSS<\/h2>\t\t\t\t<\/div>\n\t\t\t\t<div class=\"elementor-element elementor-element-a3f00b4 elementor-widget elementor-widget-hfe-breadcrumbs-widget\" data-id=\"a3f00b4\" data-element_type=\"widget\" data-e-type=\"widget\" data-widget_type=\"hfe-breadcrumbs-widget.default\">\n\t\t\t\t<div class=\"elementor-widget-container\">\n\t\t\t\t\t<nav aria-label=\"Br\u00f6dsmula\"><ul class=\"hfe-breadcrumbs hfe-breadcrumbs-show-home\"><li class=\"hfe-breadcrumbs-item hfe-breadcrumbs-first\"><span class=\"hfe-breadcrumbs-home-icon\"><\/span><a href=\"https:\/\/europa-peptide.com\/sv\"><span class=\"hfe-breadcrumbs-text\">Hem<\/span><\/a><\/li><\/ul><\/nav>\t\t\t\t<\/div>\n\t\t\t\t<\/div>\n\t\t\t\t\t<\/div>\n\t\t<\/div>\n\t\t\t\t\t<\/div>\n\t\t<\/section>\n\t\t\t\t<section data-particle_enable=\"false\" data-particle-mobile-disabled=\"false\" class=\"elementor-section elementor-top-section elementor-element elementor-element-8fcdb03 elementor-section-full_width elementor-section-height-default elementor-section-height-default wpr-particle-no wpr-jarallax-no wpr-parallax-no wpr-sticky-section-no\" data-id=\"8fcdb03\" data-element_type=\"section\" data-e-type=\"section\">\n\t\t\t\t\t\t<div class=\"elementor-container elementor-column-gap-default\">\n\t\t\t\t\t<div class=\"elementor-column elementor-col-50 elementor-top-column elementor-element elementor-element-7d83ee6 animated-fast elementor-invisible\" data-id=\"7d83ee6\" data-element_type=\"column\" data-e-type=\"column\" data-settings=\"{&quot;animation&quot;:&quot;fadeInLeft&quot;}\">\n\t\t\t<div class=\"elementor-widget-wrap elementor-element-populated\">\n\t\t\t\t\t\t<div class=\"elementor-element elementor-element-34a4186 elementor-widget elementor-widget-image\" data-id=\"34a4186\" data-element_type=\"widget\" data-e-type=\"widget\" data-widget_type=\"image.default\">\n\t\t\t\t\t\t\t\t\t\t\t\t\t\t\t<img fetchpriority=\"high\" decoding=\"async\" width=\"1024\" height=\"1024\" src=\"https:\/\/europa-peptide.com\/wp-content\/uploads\/2025\/10\/Unknown.png\" class=\"attachment-large size-large wp-image-541\" alt=\"\" srcset=\"https:\/\/europa-peptide.com\/wp-content\/uploads\/2025\/10\/Unknown.png 1024w, https:\/\/europa-peptide.com\/wp-content\/uploads\/2025\/10\/Unknown-300x300.png 300w, https:\/\/europa-peptide.com\/wp-content\/uploads\/2025\/10\/Unknown-150x150.png 150w, https:\/\/europa-peptide.com\/wp-content\/uploads\/2025\/10\/Unknown-768x768.png 768w, https:\/\/europa-peptide.com\/wp-content\/uploads\/2025\/10\/Unknown-12x12.png 12w, https:\/\/europa-peptide.com\/wp-content\/uploads\/2025\/10\/Unknown-600x600.png 600w, https:\/\/europa-peptide.com\/wp-content\/uploads\/2025\/10\/Unknown-100x100.png 100w\" sizes=\"(max-width: 1024px) 100vw, 1024px\" \/>\t\t\t\t\t\t\t\t\t\t\t\t\t\t\t<\/div>\n\t\t\t\t\t<\/div>\n\t\t<\/div>\n\t\t\t\t<div class=\"elementor-column elementor-col-50 elementor-top-column elementor-element elementor-element-c7d98d1 animated-fast elementor-invisible\" data-id=\"c7d98d1\" data-element_type=\"column\" data-e-type=\"column\" data-settings=\"{&quot;animation&quot;:&quot;fadeInRight&quot;}\">\n\t\t\t<div class=\"elementor-widget-wrap elementor-element-populated\">\n\t\t\t\t\t\t<div class=\"elementor-element elementor-element-e95f3d8 elementor-widget elementor-widget-heading\" data-id=\"e95f3d8\" data-element_type=\"widget\" data-e-type=\"widget\" data-widget_type=\"heading.default\">\n\t\t\t\t\t<h2 class=\"elementor-heading-title elementor-size-default\">OM OSS<\/h2>\t\t\t\t<\/div>\n\t\t\t\t<div class=\"elementor-element elementor-element-d5da67a elementor-widget elementor-widget-heading\" data-id=\"d5da67a\" data-element_type=\"widget\" data-e-type=\"widget\" data-widget_type=\"heading.default\">\n\t\t\t\t\t<h2 class=\"elementor-heading-title elementor-size-default\">V\u00e4lkommen till Europa-Peptide<\/h2>\t\t\t\t<\/div>\n\t\t\t\t<div class=\"elementor-element elementor-element-8bdcdbf elementor-widget elementor-widget-heading\" data-id=\"8bdcdbf\" data-element_type=\"widget\" data-e-type=\"widget\" data-widget_type=\"heading.default\">\n\t\t\t\t\t<h2 class=\"elementor-heading-title elementor-size-default\">din p\u00e5litliga partner f\u00f6r peptider av h\u00f6gsta kvalitet. V\u00e5rt uppdrag \u00e4r att leverera produkter som kombinerar exceptionell renhet, precision och tillf\u00f6rlitlighet f\u00f6r att uppfylla de h\u00f6gsta vetenskapliga standarderna.\nP\u00e5 Europa-Peptide anser vi att kvalitet b\u00f6rjar vid k\u00e4llan. Det \u00e4r d\u00e4rf\u00f6r alla v\u00e5ra peptider tillverkas i certifierade och godk\u00e4nda europeiska laboratorier med hj\u00e4lp av toppmodern teknik och strikta kvalitetskontrollf\u00f6rfaranden. Varje batch genomg\u00e5r omfattande tester i oberoende tredjepartslaboratorier f\u00f6r att verifiera renhet, identitet och konsistens - vilket s\u00e4kerst\u00e4ller att varje produkt uppfyller v\u00e5ra kompromissl\u00f6sa standarder.\nMed snabb och s\u00e4ker leverans \u00f6ver hela Europa, transparent kommunikation och engagerad kundsupport \u00e4r vi fast beslutna att tillhandah\u00e5lla en s\u00f6ml\u00f6s och p\u00e5litlig upplevelse. Europa-Peptide st\u00e5r f\u00f6r integritet, precision och europeisk kvalitet som du kan lita p\u00e5 - varje g\u00e5ng.<\/h2>\t\t\t\t<\/div>\n\t\t\t\t\t<\/div>\n\t\t<\/div>\n\t\t\t\t\t<\/div>\n\t\t<\/section>\n\t\t\t\t<section data-particle_enable=\"false\" data-particle-mobile-disabled=\"false\" class=\"elementor-section elementor-top-section elementor-element elementor-element-7dd6950 elementor-section-boxed elementor-section-height-default elementor-section-height-default wpr-particle-no wpr-jarallax-no wpr-parallax-no wpr-sticky-section-no\" data-id=\"7dd6950\" data-element_type=\"section\" data-e-type=\"section\" data-settings=\"{&quot;background_background&quot;:&quot;classic&quot;,&quot;shape_divider_top&quot;:&quot;triangle&quot;,&quot;shape_divider_top_negative&quot;:&quot;yes&quot;,&quot;shape_divider_bottom&quot;:&quot;triangle&quot;,&quot;shape_divider_bottom_negative&quot;:&quot;yes&quot;}\">\n\t\t\t\t\t\t\t<div class=\"elementor-background-overlay\"><\/div>\n\t\t\t\t\t\t<div class=\"elementor-shape elementor-shape-top\" aria-hidden=\"true\" data-negative=\"true\">\n\t\t\t<svg xmlns=\"http:\/\/www.w3.org\/2000\/svg\" viewbox=\"0 0 1000 100\" preserveaspectratio=\"none\">\n\t<path class=\"elementor-shape-fill\" d=\"M500.2,94.7L0,0v100h1000V0L500.2,94.7z\"\/>\n<\/svg>\t\t<\/div>\n\t\t\t\t<div class=\"elementor-shape elementor-shape-bottom\" aria-hidden=\"true\" data-negative=\"true\">\n\t\t\t<svg xmlns=\"http:\/\/www.w3.org\/2000\/svg\" viewbox=\"0 0 1000 100\" preserveaspectratio=\"none\">\n\t<path class=\"elementor-shape-fill\" d=\"M500.2,94.7L0,0v100h1000V0L500.2,94.7z\"\/>\n<\/svg>\t\t<\/div>\n\t\t\t\t\t<div class=\"elementor-container elementor-column-gap-default\">\n\t\t\t\t\t<div class=\"elementor-column elementor-col-100 elementor-top-column elementor-element elementor-element-7ae0e20 animated-fast elementor-invisible\" data-id=\"7ae0e20\" data-element_type=\"column\" data-e-type=\"column\" data-settings=\"{&quot;animation&quot;:&quot;fadeInUp&quot;}\">\n\t\t\t<div class=\"elementor-widget-wrap elementor-element-populated\">\n\t\t\t\t\t\t<div class=\"elementor-element elementor-element-9848827 elementor-widget elementor-widget-heading\" data-id=\"9848827\" data-element_type=\"widget\" data-e-type=\"widget\" data-widget_type=\"heading.default\">\n\t\t\t\t\t<h2 class=\"elementor-heading-title elementor-size-default\">V\u00c5RT UPPDRAG<\/h2>\t\t\t\t<\/div>\n\t\t\t\t<div class=\"elementor-element elementor-element-d131017 elementor-widget elementor-widget-heading\" data-id=\"d131017\" data-element_type=\"widget\" data-e-type=\"widget\" data-widget_type=\"heading.default\">\n\t\t\t\t\t<h2 class=\"elementor-heading-title elementor-size-default\">V\u00e5rt uppdrag \u00e4r att omdefiniera kvalitet och f\u00f6rtroende inom peptidindustrin. Vi \u00e4r dedikerade till att tillhandah\u00e5lla vetenskapligt verifierade, laboratorietestade f\u00f6reningar som uteslutande produceras i certifierade europeiska anl\u00e4ggningar. Genom att kombinera innovation, precision och transparens s\u00e4kerst\u00e4ller vi att varje produkt uppfyller de h\u00f6gsta standarderna f\u00f6r renhet och konsekvens.\nV\u00e5rt engagemang str\u00e4cker sig l\u00e4ngre \u00e4n till kvalitet - vi str\u00e4var efter att leverera tillf\u00f6rlitlighet, integritet och excellens i allt vi g\u00f6r. Fr\u00e5n tillverkning till kundsupport \u00e4r v\u00e5rt m\u00e5l att skapa en s\u00f6ml\u00f6s upplevelse som bygger p\u00e5 professionalism och f\u00f6rtroende. Europa-Peptide st\u00e5r f\u00f6r europeisk precision och o\u00f6vertr\u00e4ffad kvalitet - fr\u00e5n v\u00e5ra laboratorier till dina h\u00e4nder.<\/h2>\t\t\t\t<\/div>\n\t\t\t\t\t<\/div>\n\t\t<\/div>\n\t\t\t\t\t<\/div>\n\t\t<\/section>\n\t\t\t\t<section data-particle_enable=\"false\" data-particle-mobile-disabled=\"false\" class=\"elementor-section elementor-top-section elementor-element elementor-element-3481080 elementor-section-full_width elementor-section-height-default elementor-section-height-default wpr-particle-no wpr-jarallax-no wpr-parallax-no wpr-sticky-section-no\" data-id=\"3481080\" data-element_type=\"section\" data-e-type=\"section\">\n\t\t\t\t\t\t<div class=\"elementor-container elementor-column-gap-default\">\n\t\t\t\t\t<div class=\"elementor-column elementor-col-50 elementor-top-column elementor-element elementor-element-85d6e03 animated-fast elementor-invisible\" data-id=\"85d6e03\" data-element_type=\"column\" data-e-type=\"column\" data-settings=\"{&quot;animation&quot;:&quot;fadeInLeft&quot;}\">\n\t\t\t<div class=\"elementor-widget-wrap elementor-element-populated\">\n\t\t\t\t\t\t<div class=\"elementor-element elementor-element-d60ed74 elementor-widget elementor-widget-heading\" data-id=\"d60ed74\" data-element_type=\"widget\" data-e-type=\"widget\" data-widget_type=\"heading.default\">\n\t\t\t\t\t<h2 class=\"elementor-heading-title elementor-size-default\">Skillnad<\/h2>\t\t\t\t<\/div>\n\t\t\t\t<div class=\"elementor-element elementor-element-37c9f8c elementor-widget elementor-widget-heading\" data-id=\"37c9f8c\" data-element_type=\"widget\" data-e-type=\"widget\" data-widget_type=\"heading.default\">\n\t\t\t\t\t<h2 class=\"elementor-heading-title elementor-size-default\">Verifierad renhet, bevisat f\u00f6rtroende<\/h2>\t\t\t\t<\/div>\n\t\t\t\t<div class=\"elementor-element elementor-element-a443048 elementor-widget elementor-widget-heading\" data-id=\"a443048\" data-element_type=\"widget\" data-e-type=\"widget\" data-widget_type=\"heading.default\">\n\t\t\t\t\t<h2 class=\"elementor-heading-title elementor-size-default translation-block\">P\u00e5 Europa-Peptide \u00e4r kvalitet mer \u00e4n ett l\u00f6fte - det \u00e4r grunden f\u00f6r allt vi g\u00f6r. Varje produkt tillverkas enligt certifierade europeiska standarder och g\u00e5r igenom flera steg av kvalitetskontroll f\u00f6r att garantera exceptionell renhet, noggrannhet och konsistens.\r\nDet som verkligen skiljer oss fr\u00e5n andra \u00e4r v\u00e5r fullst\u00e4ndiga \u00f6ppenhet, autentiska europeiska produktion och v\u00e5rt engagemang f\u00f6r verifierbara resultat. <br> Medan m\u00e5nga f\u00f6rlitar sig p\u00e5 obepr\u00f6vade k\u00e4llor eller outsourcade leverant\u00f6rer, har vi full kontroll - fr\u00e5n formulering till slutlig f\u00f6rpackning. V\u00e5ra processer \u00e4r utformade f\u00f6r att s\u00e4kerst\u00e4lla att varje flaska levererar exakt vad den p\u00e5st\u00e5r.<br>\r\nKunderna v\u00e4ljer Europa-Peptide eftersom de v\u00e4rdes\u00e4tter tillf\u00f6rlitlighet, precision och integritet. Vi tar inga genv\u00e4gar - vi s\u00e4tter standarden. Det \u00e4r d\u00e4rf\u00f6r v\u00e5rt namn st\u00e5r f\u00f6r verifierad renhet och bevisat f\u00f6rtroende - egenskaper som definierar allt vi producerar.<\/h2>\t\t\t\t<\/div>\n\t\t\t\t\t<\/div>\n\t\t<\/div>\n\t\t\t\t<div class=\"elementor-column elementor-col-50 elementor-top-column elementor-element elementor-element-6978345 animated-fast elementor-invisible\" data-id=\"6978345\" data-element_type=\"column\" data-e-type=\"column\" data-settings=\"{&quot;animation&quot;:&quot;fadeInRight&quot;}\">\n\t\t\t<div class=\"elementor-widget-wrap elementor-element-populated\">\n\t\t\t\t\t\t<div class=\"elementor-element elementor-element-f534d75 elementor-widget elementor-widget-image\" data-id=\"f534d75\" data-element_type=\"widget\" data-e-type=\"widget\" data-widget_type=\"image.default\">\n\t\t\t\t\t\t\t\t\t\t\t\t\t\t\t<img decoding=\"async\" width=\"1024\" height=\"1024\" src=\"https:\/\/europa-peptide.com\/wp-content\/uploads\/2025\/10\/Unknown1.png\" class=\"attachment-large size-large wp-image-643\" alt=\"\" srcset=\"https:\/\/europa-peptide.com\/wp-content\/uploads\/2025\/10\/Unknown1.png 1024w, https:\/\/europa-peptide.com\/wp-content\/uploads\/2025\/10\/Unknown1-300x300.png 300w, https:\/\/europa-peptide.com\/wp-content\/uploads\/2025\/10\/Unknown1-150x150.png 150w, https:\/\/europa-peptide.com\/wp-content\/uploads\/2025\/10\/Unknown1-768x768.png 768w, https:\/\/europa-peptide.com\/wp-content\/uploads\/2025\/10\/Unknown1-12x12.png 12w, https:\/\/europa-peptide.com\/wp-content\/uploads\/2025\/10\/Unknown1-600x600.png 600w, https:\/\/europa-peptide.com\/wp-content\/uploads\/2025\/10\/Unknown1-100x100.png 100w\" sizes=\"(max-width: 1024px) 100vw, 1024px\" \/>\t\t\t\t\t\t\t\t\t\t\t\t\t\t\t<\/div>\n\t\t\t\t\t<\/div>\n\t\t<\/div>\n\t\t\t\t\t<\/div>\n\t\t<\/section>\n\t\t\t\t<\/div>","protected":false},"excerpt":{"rendered":"<p>Om oss Start Om oss V\u00e4lkommen till Europa-Peptide, din p\u00e5litliga partner f\u00f6r peptider av h\u00f6gsta kvalitet. V\u00e5rt uppdrag \u00e4r att leverera produkter som kombinerar exceptionell renhet, precision och tillf\u00f6rlitlighet f\u00f6r att uppfylla de h\u00f6gsta vetenskapliga standarderna. P\u00e5 Europa-Peptide anser vi att kvalitet b\u00f6rjar vid k\u00e4llan. Det \u00e4r d\u00e4rf\u00f6r alla v\u00e5ra peptider tillverkas i certifierade och godk\u00e4nda europeiska laboratorier med hj\u00e4lp av toppmodern teknik och strikta kvalitetskontrollf\u00f6rfaranden. Varje batch genomg\u00e5r omfattande tester i oberoende tredjepartslaboratorier f\u00f6r att verifiera renhet, identitet och konsistens - vilket s\u00e4kerst\u00e4ller att varje produkt uppfyller v\u00e5ra kompromissl\u00f6sa standarder. Med snabb och s\u00e4ker leverans \u00f6ver hela Europa, transparent kommunikation och engagerad kundsupport \u00e4r vi fast beslutna att tillhandah\u00e5lla en s\u00f6ml\u00f6s och p\u00e5litlig upplevelse. Europa-Peptide st\u00e5r f\u00f6r integritet, precision och europeisk kvalitet som du kan lita p\u00e5 - varje g\u00e5ng. V\u00c5RT UPPDRAG V\u00e5rt uppdrag \u00e4r att omdefiniera kvalitet och f\u00f6rtroende i peptidindustrin. Vi \u00e4r dedikerade till att tillhandah\u00e5lla vetenskapligt verifierade, laboratorietestade f\u00f6reningar som uteslutande produceras i certifierade europeiska anl\u00e4ggningar. Genom att kombinera innovation, precision och transparens s\u00e4kerst\u00e4ller vi att varje produkt uppfyller de h\u00f6gsta standarderna f\u00f6r renhet och konsekvens. V\u00e5rt engagemang str\u00e4cker sig l\u00e4ngre \u00e4n till kvalitet - vi str\u00e4var efter att leverera tillf\u00f6rlitlighet, integritet och excellens i allt vi g\u00f6r. Fr\u00e5n tillverkning till kundsupport \u00e4r v\u00e5rt m\u00e5l att skapa en s\u00f6ml\u00f6s upplevelse som bygger p\u00e5 professionalism och f\u00f6rtroende. Europa-Peptide st\u00e5r f\u00f6r europeisk precision och o\u00f6vertr\u00e4ffad kvalitet - fr\u00e5n v\u00e5ra laboratorier till dina h\u00e4nder. Difference Verified Purity, Proven Trust P\u00e5 Europa-Peptide \u00e4r kvalitet mer \u00e4n ett l\u00f6fte - det \u00e4r grunden f\u00f6r allt vi g\u00f6r. Varje produkt tillverkas enligt certifierade europeiska standarder och g\u00e5r igenom flera steg av kvalitetskontroll f\u00f6r att garantera exceptionell renhet, noggrannhet och konsekvens. Det som verkligen skiljer oss fr\u00e5n andra \u00e4r v\u00e5r fullst\u00e4ndiga transparens, autentiska europeiska produktion och v\u00e5rt engagemang f\u00f6r verifierbara resultat. Medan m\u00e5nga f\u00f6rlitar sig p\u00e5 obepr\u00f6vade k\u00e4llor eller outsourcade leverant\u00f6rer, har vi full kontroll - fr\u00e5n formulering till slutlig f\u00f6rpackning. V\u00e5ra processer \u00e4r utformade f\u00f6r att s\u00e4kerst\u00e4lla att varje flaska levererar exakt vad den p\u00e5st\u00e5r. Kunderna v\u00e4ljer Europa-Peptide eftersom de v\u00e4rdes\u00e4tter tillf\u00f6rlitlighet, precision och integritet. Vi tar inga genv\u00e4gar - vi s\u00e4tter standarden. Det \u00e4r d\u00e4rf\u00f6r v\u00e5rt namn st\u00e5r f\u00f6r verifierad renhet och bevisat f\u00f6rtroende - egenskaper som definierar allt vi producerar.<\/p>","protected":false},"author":1,"featured_media":0,"parent":0,"menu_order":0,"comment_status":"closed","ping_status":"closed","template":"elementor_header_footer","meta":{"_acf_changed":false,"footnotes":""},"class_list":["post-83","page","type-page","status-publish","hentry","entry"],"acf":[],"aioseo_notices":[],"jetpack_sharing_enabled":true,"_links":{"self":[{"href":"https:\/\/europa-peptide.com\/sv\/wp-json\/wp\/v2\/pages\/83","targetHints":{"allow":["GET"]}}],"collection":[{"href":"https:\/\/europa-peptide.com\/sv\/wp-json\/wp\/v2\/pages"}],"about":[{"href":"https:\/\/europa-peptide.com\/sv\/wp-json\/wp\/v2\/types\/page"}],"author":[{"embeddable":true,"href":"https:\/\/europa-peptide.com\/sv\/wp-json\/wp\/v2\/users\/1"}],"replies":[{"embeddable":true,"href":"https:\/\/europa-peptide.com\/sv\/wp-json\/wp\/v2\/comments?post=83"}],"version-history":[{"count":61,"href":"https:\/\/europa-peptide.com\/sv\/wp-json\/wp\/v2\/pages\/83\/revisions"}],"predecessor-version":[{"id":19240,"href":"https:\/\/europa-peptide.com\/sv\/wp-json\/wp\/v2\/pages\/83\/revisions\/19240"}],"wp:attachment":[{"href":"https:\/\/europa-peptide.com\/sv\/wp-json\/wp\/v2\/media?parent=83"}],"curies":[{"name":"wp","href":"https:\/\/api.w.org\/{rel}","templated":true}]}}